{"id":97,"date":"2018-12-04T16:59:03","date_gmt":"2018-12-04T18:59:03","guid":{"rendered":"http:\/\/192.168.56.3\/engmecanica\/?page_id=97"},"modified":"2025-04-11T14:09:27","modified_gmt":"2025-04-11T17:09:27","slug":"docentes-tecnicos","status":"publish","type":"page","link":"https:\/\/engmec.ibiruba.ifrs.edu.br\/index.php\/docentes-tecnicos\/","title":{"rendered":"Servidores"},"content":{"rendered":"<h3><span style=\"color: #000000;\">Professores:<\/span><\/h3>\n<p><strong>Ad\u00e3o Felipe Oliveira Skonieski (Coordenador do Curso)<\/strong><br \/><a href=\"mailto:alexandre.sa@ibiruba.ifrs.edu.br\">adao.skonieski@ibiruba.ifrs.edu.br<\/a><br \/><a href=\"http:\/\/lattes.cnpq.br\/3390143030405016\">Curr\u00edculo Lattes<\/a><\/p>\n<p><strong>Anderson de Oliveira Fraga<\/strong><br \/><a href=\"mailto:anderson.fraga@ibiruba.ifrs.edu.br\">anderson.fraga@ibiruba.ifrs.edu.br<\/a><br \/><a href=\"http:\/\/lattes.cnpq.br\/2428838257896437\">Curr\u00edculo Lattes<\/a><\/p>\n<p><strong>Andre Ricardo Dierings<\/strong><br \/><a href=\"mailto:andre.dierings@ibiruba.ifrs.edu.br\">andre.dierings@ibiruba.ifrs.edu.br<\/a><br \/><a href=\"http:\/\/lattes.cnpq.br\/9928546068168851\">Curr\u00edculo Lattes<\/a><\/p>\n<p><strong>\u00c2ngela Teresinha Woschinski de Mamann<\/strong><br \/><a href=\"mailto:angela.mamann@ibiruba.ifrs.edu.br\">angela.mamann@ibiruba.ifrs.edu.br<\/a><br \/><a href=\"http:\/\/lattes.cnpq.br\/8445440190160620\">Curr\u00edculo Lattes<\/a><\/p>\n<p><strong>Bruno Nonemacher<\/strong><br \/><a href=\"bruno.nonemacher@ibiruba.ifrs.edu.br\">bruno.nonemacher@ibiruba.ifrs.edu.br\u00a0<\/a><br \/><a href=\"http:\/\/lattes.cnpq.br\/3092121523026871\">Curr\u00edculo Lattes<\/a><\/p>\n<p><strong>Cristiano Kulman<\/strong><br \/><a href=\"mailto:cristiano.kulman@ibiruba.ifrs.edu.br\">cristiano.kulman@ibiruba.ifrs.edu.br<\/a><br \/><a href=\"http:\/\/lattes.cnpq.br\/2803825609257814\">Curr\u00edculo Lattes<\/a><\/p>\n<p><strong>Daniel de Castro Maciel<\/strong><br \/><a href=\"mailto:daniel.castro@ibiruba.ifrs.edu.br\">daniel.castro@ibiruba.ifrs.edu.br<\/a><br \/><a href=\"http:\/\/lattes.cnpq.br\/9006391328523355\">Curr\u00edculo Lattes<\/a><\/p>\n<p><strong>Daniel Vieira Pinto<\/strong><br \/><a href=\"daniel.pinto@ibiruba.ifrs.edu.br\">daniel.pinto@ibiruba.ifrs.edu.br<\/a><br \/><a href=\"http:\/\/lattes.cnpq.br\/7267971318832763\">Curr\u00edculo Lattes<\/a><\/p>\n<p><strong>\u00c9merson dos Santos Passari<\/strong><br \/><a href=\"emerson.passari@ibiruba.ifrs.edu.br\">emerson.passari@ibiruba.ifrs.edu.br<\/a><br \/><a href=\"http:\/\/lattes.cnpq.br\/3641296605766171\">Curr\u00edculo Lattes<\/a><\/p>\n<p><strong>Fl\u00e1vio Roberto Andara<\/strong><br \/><a href=\"mailto:flavio.andara@ibiruba.ifrs.edu.br\">flavio.andara@ibiruba.ifrs.edu.br<\/a><br \/><a href=\"http:\/\/lattes.cnpq.br\/1572790197463199\">Curr\u00edculo Lattes<\/a><\/p>\n<p><strong>Ivo Mai<\/strong><br \/><a href=\"mailto:ivo.mai@ibiruba.ifrs.edu.br\">ivo.mai@ibiruba.ifrs.edu.br<\/a><br \/><a href=\"http:\/\/lattes.cnpq.br\/2021927981642593\">Curr\u00edculo Lattes<\/a><\/p>\n<p><strong>Jefferson Morais Gaut\u00e9rio<\/strong><br \/><a href=\"mailto:jefferson.gauterio@ibiruba.ifrs.edu.br\">jefferson.gauterio@ibiruba.ifrs.edu.br<\/a><br \/><a href=\"http:\/\/lattes.cnpq.br\/5547029249127478\">Curr\u00edculo Lattes<\/a><\/p>\n<p><strong>Juliano Elesb\u00e3o Rathke<\/strong><br \/><a href=\"mailto:juliano.ratke@ibiruba.ifrs.edu.br\">juliano.ratke@ibiruba.ifrs.edu.br<\/a><br \/><a href=\"http:\/\/lattes.cnpq.br\/9033800079606773\">Curr\u00edculo Lattes<\/a><\/p>\n<p><strong>Leomir Augusto Severo Grave<\/strong><br \/><a href=\"mailto:leomir.grave@ibiruba.ifrs.edu.br\">leomir.grave@ibiruba.ifrs.edu.br<\/a><br \/><a href=\"http:\/\/lattes.cnpq.br\/4882359952928110\">Curr\u00edculo Lattes<\/a><\/p>\n<p><strong>Luciano Machado Cirino<\/strong><br \/><a href=\"mailto:luciano.machado@ibiruba.ifrs.edu.br\">luciano.machado@ibiruba.ifrs.edu.br<\/a><br \/><a href=\"http:\/\/lattes.cnpq.br\/1012917365584620\">Curr\u00edculo Lattes<\/a><\/p>\n<p><strong>Luciano Bonato Baldissera<\/strong><br \/><a href=\"luciano.baldissera@ibiruba.ifrs.edu.br\">luciano.baldissera@ibiruba.ifrs.edu.br<\/a><br \/><a href=\"http:\/\/lattes.cnpq.br\/8628181614574623\">Curr\u00edculo Lattes<\/a><\/p>\n<p><strong>Luciano Bonato Baldissera<\/strong><br \/><a href=\"luciano.baldissera@ibiruba.ifrs.edu.br\">luciano.baldissera@ibiruba.ifrs.edu.br<\/a><br \/><a href=\"http:\/\/lattes.cnpq.br\/8628181614574623\">Curr\u00edculo Lattes<\/a><\/p>\n<p><strong>M\u00f4nica Giacomini<\/strong><br \/><a href=\"mailto:monica.giacomini@ibiruba.ifrs.edu.br\">monica.giacomini@ibiruba.ifrs.edu.br<\/a><br \/><a href=\"http:\/\/lattes.cnpq.br\/6733940356515731\">Curr\u00edculo Lattes<\/a><\/p>\n<p><strong>Mois\u00e9s Nivaldo Cordeiro<\/strong><br \/><a href=\"mailto:moises.cordeiro@ibiruba.ifrs.edu.br\">moises.cordeiro@ibiruba.ifrs.edu.br<\/a><br \/><a href=\"http:\/\/lattes.cnpq.br\/0267269170724144\">Curr\u00edculo Lattes<\/a><\/p>\n<p><strong>Orlando de Lima Cavalheiro<\/strong><br \/><a href=\"orlando.cavalheiro@ibiruba.ifrs.edu.br\">orlando.cavalheiro@ibiruba.ifrs.edu.br<\/a><br \/><a href=\"http:\/\/lattes.cnpq.br\/8116900651512470\">Curr\u00edculo Lattes<\/a><\/p>\n<p><strong>Paula Gaida Winch<\/strong><br \/><a href=\"mailto:paula.winch@ibiruba.ifrs.edu.br\">paula.winch@ibiruba.ifrs.edu.br<\/a><br \/><a href=\"http:\/\/lattes.cnpq.br\/7667581402035428\">Curr\u00edculo Lattes<\/a><\/p>\n<p><strong>Rafael Zanatta Scapini<\/strong><br \/><a href=\"mailto:rafael.scapini@ibiruba.ifrs.edu.br\">rafael.scapini@ibiruba.ifrs.edu.br<\/a><br \/><a href=\"http:\/\/lattes.cnpq.br\/0080629600624186\">Curr\u00edculo Lattes<\/a><\/p>\n<p><strong>Raquel Lorensini Alberti<\/strong><br \/><a href=\"mailto:raquel.alberti@ibiruba.ifrs.edu.br\">raquel.alberti@ibiruba.ifrs.edu.br<\/a><br \/><a href=\"http:\/\/lattes.cnpq.br\/8299559962200501\">Curr\u00edculo Lattes<\/a><\/p>\n<p><strong>Sandra Meinen da Cruz<\/strong><br \/><a href=\"mailto:sandra.cruz@ibiruba.ifrs.edu.br\">sandra.cruz@ibiruba.ifrs.edu.br<\/a><br \/><a href=\"http:\/\/lattes.cnpq.br\/7657499830389187\">Curr\u00edculo Lattes<\/a><\/p>\n<p><strong>Tiago Junior de Bortoli<\/strong><br \/><a href=\"tiago.bortoli@ibiruba.ifrs.edu.br\">tiago.bortoli@ibiruba.ifrs.edu.br<\/a><br \/><a href=\"http:\/\/lattes.cnpq.br\/5651806955123169\">Curr\u00edculo Lattes<\/a><\/p>\n<hr \/>\n<h3>Laboratoristas:<\/h3>\n<p><strong>Al\u00edpio Moreira Motta<br \/><\/strong>T\u00e9cnico em Laborat\u00f3rio de Eletromec\u00e2nica<br \/><a href=\"alipio.motta@ibiruba.ifrs.edu.br\">alipio.motta@ibiruba.ifrs.edu.br<\/a><\/p>\n<p><strong>Henrique Linhati Bitencourt<br \/><\/strong>T\u00e9cnico em Laborat\u00f3rio de Eletromec\u00e2nica<br \/><a href=\"mailto:henrique.bitencourt@ibiruba.ifrs.edu.br\">henrique.bitencourt@ibiruba.ifrs.edu.br<\/a><\/p>\n<p><strong>Jovani Alberti<br \/><\/strong>T\u00e9cnico em Laborat\u00f3rio de Mec\u00e2nica<br \/><a href=\"mailto:jovani.alberti@ibiruba.ifrs.edu.br\">jovani.alberti@ibiruba.ifrs.edu.br<\/a><\/p>\n<p><strong>Samuel Corr\u00eaa Campos<br \/><\/strong>T\u00e9cnico em Laborat\u00f3rio de Mec\u00e2nica<br \/><a href=\"mailto:jovani.alberti@ibiruba.ifrs.edu.br\">samuel.campos@ibiruba.ifrs.edu.br<\/a><\/p>\n\n\n<p><\/p>\n","protected":false},"excerpt":{"rendered":"<p>Professores: Ad\u00e3o Felipe Oliveira Skonieski (Coordenador do Curso)adao.skonieski@ibiruba.ifrs.edu.brCurr\u00edculo Lattes Anderson de Oliveira Fragaanderson.fraga@ibiruba.ifrs.edu.brCurr\u00edculo Lattes Andre Ricardo Dieringsandre.dierings@ibiruba.ifrs.edu.brCurr\u00edculo Lattes \u00c2ngela Teresinha Woschinski de Mamannangela.mamann@ibiruba.ifrs.edu.brCurr\u00edculo Lattes Bruno Nonemacherbruno.nonemacher@ibiruba.ifrs.edu.br\u00a0Curr\u00edculo Lattes Cristiano Kulmancristiano.kulman@ibiruba.ifrs.edu.brCurr\u00edculo Lattes Daniel de Castro Macieldaniel.castro@ibiruba.ifrs.edu.brCurr\u00edculo Lattes Daniel Vieira Pintodaniel.pinto@ibiruba.ifrs.edu.brCurr\u00edculo Lattes \u00c9merson dos Santos Passariemerson.passari@ibiruba.ifrs.edu.brCurr\u00edculo Lattes Fl\u00e1vio Roberto Andaraflavio.andara@ibiruba.ifrs.edu.brCurr\u00edculo Lattes Ivo Maiivo.mai@ibiruba.ifrs.edu.brCurr\u00edculo Lattes Jefferson Morais Gaut\u00e9riojefferson.gauterio@ibiruba.ifrs.edu.brCurr\u00edculo Lattes [&hellip;]<\/p>\n","protected":false},"author":4,"featured_media":0,"parent":0,"menu_order":0,"comment_status":"closed","ping_status":"closed","template":"","meta":{"footnotes":""},"class_list":["post-97","page","type-page","status-publish","hentry"],"_links":{"self":[{"href":"https:\/\/engmec.ibiruba.ifrs.edu.br\/index.php\/wp-json\/wp\/v2\/pages\/97","targetHints":{"allow":["GET"]}}],"collection":[{"href":"https:\/\/engmec.ibiruba.ifrs.edu.br\/index.php\/wp-json\/wp\/v2\/pages"}],"about":[{"href":"https:\/\/engmec.ibiruba.ifrs.edu.br\/index.php\/wp-json\/wp\/v2\/types\/page"}],"author":[{"embeddable":true,"href":"https:\/\/engmec.ibiruba.ifrs.edu.br\/index.php\/wp-json\/wp\/v2\/users\/4"}],"replies":[{"embeddable":true,"href":"https:\/\/engmec.ibiruba.ifrs.edu.br\/index.php\/wp-json\/wp\/v2\/comments?post=97"}],"version-history":[{"count":42,"href":"https:\/\/engmec.ibiruba.ifrs.edu.br\/index.php\/wp-json\/wp\/v2\/pages\/97\/revisions"}],"predecessor-version":[{"id":2037,"href":"https:\/\/engmec.ibiruba.ifrs.edu.br\/index.php\/wp-json\/wp\/v2\/pages\/97\/revisions\/2037"}],"wp:attachment":[{"href":"https:\/\/engmec.ibiruba.ifrs.edu.br\/index.php\/wp-json\/wp\/v2\/media?parent=97"}],"curies":[{"name":"wp","href":"https:\/\/api.w.org\/{rel}","templated":true}]}}