{"id":737,"date":"2019-03-20T22:19:47","date_gmt":"2019-03-21T01:19:47","guid":{"rendered":"http:\/\/engmec.ibiruba.ifrs.edu.br\/?page_id=737"},"modified":"2023-07-31T16:31:15","modified_gmt":"2023-07-31T19:31:15","slug":"laboratorio-de-usinagem-cnc","status":"publish","type":"page","link":"https:\/\/engmec.ibiruba.ifrs.edu.br\/index.php\/laboratorio-de-usinagem-cnc\/","title":{"rendered":"Usinagem Avan\u00e7ada &#8211; CNC"},"content":{"rendered":"\n<p> O Laborat\u00f3rio de Usinagem Avan\u00e7ada \u00e9 equipado com um centro de usinagem CNC de tr\u00eas eixos, um computador para utiliza\u00e7\u00e3o de softwares CAM que geram os c\u00f3digos de comando para a m\u00e1quina e ferramentas de corte diversas que equipam a mesma. Este laborat\u00f3rio tamb\u00e9m \u00e9 utilizado como sala de aula, possui carteiras e quadro branco. Assim como o outro laborat\u00f3rio de usinagem, este tamb\u00e9m disponibiliza EPIs aos alunos.<\/p>\n\n\n\n<figure class=\"wp-block-image\"><img loading=\"lazy\" decoding=\"async\" width=\"1024\" height=\"768\" src=\"http:\/\/engmec.ibiruba.ifrs.edu.br\/wp-content\/uploads\/2023\/02\/cnc-1024x768.jpeg\" alt=\"\" class=\"wp-image-1633\" srcset=\"https:\/\/engmec.ibiruba.ifrs.edu.br\/wp-content\/uploads\/2023\/02\/cnc-1024x768.jpeg 1024w, https:\/\/engmec.ibiruba.ifrs.edu.br\/wp-content\/uploads\/2023\/02\/cnc-300x225.jpeg 300w, https:\/\/engmec.ibiruba.ifrs.edu.br\/wp-content\/uploads\/2023\/02\/cnc-768x576.jpeg 768w, https:\/\/engmec.ibiruba.ifrs.edu.br\/wp-content\/uploads\/2023\/02\/cnc.jpeg 1600w\" sizes=\"auto, (max-width: 1024px) 100vw, 1024px\" \/><\/figure>\n\n\n\n<figure class=\"wp-block-image\"><img loading=\"lazy\" decoding=\"async\" width=\"1024\" height=\"724\" src=\"http:\/\/engmec.ibiruba.ifrs.edu.br\/wp-content\/uploads\/2023\/07\/usinagem-cnc-1024x724.jpg\" alt=\"\" class=\"wp-image-1835\" srcset=\"https:\/\/engmec.ibiruba.ifrs.edu.br\/wp-content\/uploads\/2023\/07\/usinagem-cnc-1024x724.jpg 1024w, https:\/\/engmec.ibiruba.ifrs.edu.br\/wp-content\/uploads\/2023\/07\/usinagem-cnc-300x212.jpg 300w, https:\/\/engmec.ibiruba.ifrs.edu.br\/wp-content\/uploads\/2023\/07\/usinagem-cnc-768x543.jpg 768w, https:\/\/engmec.ibiruba.ifrs.edu.br\/wp-content\/uploads\/2023\/07\/usinagem-cnc.jpg 1755w\" sizes=\"auto, (max-width: 1024px) 100vw, 1024px\" \/><figcaption>Mapa de Riscos do laborat\u00f3rio de Usinagem CNC<\/figcaption><\/figure>\n\n\n\n<figure class=\"wp-block-image\"><img loading=\"lazy\" decoding=\"async\" width=\"723\" height=\"1024\" src=\"http:\/\/engmec.ibiruba.ifrs.edu.br\/wp-content\/uploads\/2023\/07\/CNC-723x1024.jpg\" alt=\"\" class=\"wp-image-1837\" srcset=\"https:\/\/engmec.ibiruba.ifrs.edu.br\/wp-content\/uploads\/2023\/07\/CNC-723x1024.jpg 723w, https:\/\/engmec.ibiruba.ifrs.edu.br\/wp-content\/uploads\/2023\/07\/CNC-212x300.jpg 212w, https:\/\/engmec.ibiruba.ifrs.edu.br\/wp-content\/uploads\/2023\/07\/CNC-768x1088.jpg 768w, https:\/\/engmec.ibiruba.ifrs.edu.br\/wp-content\/uploads\/2023\/07\/CNC.jpg 1240w\" sizes=\"auto, (max-width: 723px) 100vw, 723px\" \/><figcaption> Plano de Manuten\u00e7\u00e3o do laborat\u00f3rio de Usinagem CNC<\/figcaption><\/figure>\n\n\n\n<figure class=\"wp-block-image\"><img loading=\"lazy\" decoding=\"async\" width=\"1024\" height=\"723\" src=\"http:\/\/engmec.ibiruba.ifrs.edu.br\/wp-content\/uploads\/2023\/07\/usinagem-cnc_page-0001-1024x723.jpg\" alt=\"\" class=\"wp-image-1878\" srcset=\"https:\/\/engmec.ibiruba.ifrs.edu.br\/wp-content\/uploads\/2023\/07\/usinagem-cnc_page-0001-1024x723.jpg 1024w, https:\/\/engmec.ibiruba.ifrs.edu.br\/wp-content\/uploads\/2023\/07\/usinagem-cnc_page-0001-300x212.jpg 300w, https:\/\/engmec.ibiruba.ifrs.edu.br\/wp-content\/uploads\/2023\/07\/usinagem-cnc_page-0001-768x542.jpg 768w, https:\/\/engmec.ibiruba.ifrs.edu.br\/wp-content\/uploads\/2023\/07\/usinagem-cnc_page-0001.jpg 1756w\" sizes=\"auto, (max-width: 1024px) 100vw, 1024px\" \/><\/figure>\n","protected":false},"excerpt":{"rendered":"<p>O Laborat\u00f3rio de Usinagem Avan\u00e7ada \u00e9 equipado com um centro de usinagem CNC de tr\u00eas eixos, um computador para utiliza\u00e7\u00e3o de softwares CAM que geram os c\u00f3digos de comando para a m\u00e1quina e ferramentas de corte diversas que equipam a mesma. Este laborat\u00f3rio tamb\u00e9m \u00e9 utilizado como sala de aula, possui carteiras e quadro branco. [&hellip;]<\/p>\n","protected":false},"author":4,"featured_media":0,"parent":0,"menu_order":0,"comment_status":"closed","ping_status":"closed","template":"","meta":{"footnotes":""},"class_list":["post-737","page","type-page","status-publish","hentry"],"_links":{"self":[{"href":"https:\/\/engmec.ibiruba.ifrs.edu.br\/index.php\/wp-json\/wp\/v2\/pages\/737","targetHints":{"allow":["GET"]}}],"collection":[{"href":"https:\/\/engmec.ibiruba.ifrs.edu.br\/index.php\/wp-json\/wp\/v2\/pages"}],"about":[{"href":"https:\/\/engmec.ibiruba.ifrs.edu.br\/index.php\/wp-json\/wp\/v2\/types\/page"}],"author":[{"embeddable":true,"href":"https:\/\/engmec.ibiruba.ifrs.edu.br\/index.php\/wp-json\/wp\/v2\/users\/4"}],"replies":[{"embeddable":true,"href":"https:\/\/engmec.ibiruba.ifrs.edu.br\/index.php\/wp-json\/wp\/v2\/comments?post=737"}],"version-history":[{"count":15,"href":"https:\/\/engmec.ibiruba.ifrs.edu.br\/index.php\/wp-json\/wp\/v2\/pages\/737\/revisions"}],"predecessor-version":[{"id":1879,"href":"https:\/\/engmec.ibiruba.ifrs.edu.br\/index.php\/wp-json\/wp\/v2\/pages\/737\/revisions\/1879"}],"wp:attachment":[{"href":"https:\/\/engmec.ibiruba.ifrs.edu.br\/index.php\/wp-json\/wp\/v2\/media?parent=737"}],"curies":[{"name":"wp","href":"https:\/\/api.w.org\/{rel}","templated":true}]}}