{"id":734,"date":"2019-03-20T22:18:43","date_gmt":"2019-03-21T01:18:43","guid":{"rendered":"http:\/\/engmec.ibiruba.ifrs.edu.br\/?page_id=734"},"modified":"2023-08-04T15:04:44","modified_gmt":"2023-08-04T18:04:44","slug":"laboratorio-de-soldagem","status":"publish","type":"page","link":"https:\/\/engmec.ibiruba.ifrs.edu.br\/index.php\/laboratorio-de-soldagem\/","title":{"rendered":"Soldagem"},"content":{"rendered":"\n<p>O laborat\u00f3rio de soldagem visa proporcionar pr\u00e1ticas em conhecimentos essenciais aos processos de soldagem, desenvolvendo no estudante a habilidade necess\u00e1ria para selecionar corretamente o processo e par\u00e2metro mais adequado a cada situa\u00e7\u00e3o que requer soldagem.<\/p>\n\n\n\n<p>Est\u00e3o \u00e0 disposi\u00e7\u00e3o no momento para a pr\u00e1tica de aulas 06 m\u00e1quinas de solda de MULTIPROCESSO (MIG\/MAG, TIG E Eletrodo), 01 equipamentos de solda e corte oxiacetil\u00eanica, 01 Corte a plasma, possui tamb\u00e9m 02 transformadores de solda a eletrodo, 01 Aparelhos de Solda MIG\/MAG, todos eles a disposi\u00e7\u00e3o no Laborat\u00f3rio de Soldagem em baias separadas.<\/p>\n\n\n\n<p>O laborat\u00f3rio de Soldagem compartilha um espa\u00e7o amplo com o laborat\u00f3rio de Processos Metal\u00fargicos.<\/p>\n\n\n\n<figure class=\"wp-block-image\"><img loading=\"lazy\" decoding=\"async\" width=\"1024\" height=\"724\" src=\"http:\/\/engmec.ibiruba.ifrs.edu.br\/wp-content\/uploads\/2023\/07\/soldagem-e-tratamento-t\u00e9rmico-1-1024x724.jpg\" alt=\"\" class=\"wp-image-1828\" srcset=\"https:\/\/engmec.ibiruba.ifrs.edu.br\/wp-content\/uploads\/2023\/07\/soldagem-e-tratamento-t\u00e9rmico-1-1024x724.jpg 1024w, https:\/\/engmec.ibiruba.ifrs.edu.br\/wp-content\/uploads\/2023\/07\/soldagem-e-tratamento-t\u00e9rmico-1-300x212.jpg 300w, https:\/\/engmec.ibiruba.ifrs.edu.br\/wp-content\/uploads\/2023\/07\/soldagem-e-tratamento-t\u00e9rmico-1-768x543.jpg 768w, https:\/\/engmec.ibiruba.ifrs.edu.br\/wp-content\/uploads\/2023\/07\/soldagem-e-tratamento-t\u00e9rmico-1.jpg 1755w\" sizes=\"auto, (max-width: 1024px) 100vw, 1024px\" \/><figcaption>Mapa de Riscos do laborat\u00f3rio de Soldagem<\/figcaption><\/figure>\n\n\n\n<figure class=\"wp-block-image\"><img loading=\"lazy\" decoding=\"async\" width=\"723\" height=\"1024\" src=\"http:\/\/engmec.ibiruba.ifrs.edu.br\/wp-content\/uploads\/2023\/07\/Soldagem-723x1024.jpg\" alt=\"\" class=\"wp-image-1830\" srcset=\"https:\/\/engmec.ibiruba.ifrs.edu.br\/wp-content\/uploads\/2023\/07\/Soldagem-723x1024.jpg 723w, https:\/\/engmec.ibiruba.ifrs.edu.br\/wp-content\/uploads\/2023\/07\/Soldagem-212x300.jpg 212w, https:\/\/engmec.ibiruba.ifrs.edu.br\/wp-content\/uploads\/2023\/07\/Soldagem-768x1088.jpg 768w, https:\/\/engmec.ibiruba.ifrs.edu.br\/wp-content\/uploads\/2023\/07\/Soldagem.jpg 1240w\" sizes=\"auto, (max-width: 723px) 100vw, 723px\" \/><figcaption> Plano de Manuten\u00e7\u00e3o do laborat\u00f3rio de Soldagem<\/figcaption><\/figure>\n\n\n\n<figure class=\"wp-block-image\"><img loading=\"lazy\" decoding=\"async\" width=\"1024\" height=\"723\" src=\"http:\/\/engmec.ibiruba.ifrs.edu.br\/wp-content\/uploads\/2023\/07\/soldagem_page-0001-1024x723.jpg\" alt=\"\" class=\"wp-image-1872\" srcset=\"https:\/\/engmec.ibiruba.ifrs.edu.br\/wp-content\/uploads\/2023\/07\/soldagem_page-0001-1024x723.jpg 1024w, https:\/\/engmec.ibiruba.ifrs.edu.br\/wp-content\/uploads\/2023\/07\/soldagem_page-0001-300x212.jpg 300w, https:\/\/engmec.ibiruba.ifrs.edu.br\/wp-content\/uploads\/2023\/07\/soldagem_page-0001-768x542.jpg 768w, https:\/\/engmec.ibiruba.ifrs.edu.br\/wp-content\/uploads\/2023\/07\/soldagem_page-0001.jpg 1756w\" sizes=\"auto, (max-width: 1024px) 100vw, 1024px\" \/><\/figure>\n","protected":false},"excerpt":{"rendered":"<p>O laborat\u00f3rio de soldagem visa proporcionar pr\u00e1ticas em conhecimentos essenciais aos processos de soldagem, desenvolvendo no estudante a habilidade necess\u00e1ria para selecionar corretamente o processo e par\u00e2metro mais adequado a cada situa\u00e7\u00e3o que requer soldagem. Est\u00e3o \u00e0 disposi\u00e7\u00e3o no momento para a pr\u00e1tica de aulas 06 m\u00e1quinas de solda de MULTIPROCESSO (MIG\/MAG, TIG E Eletrodo), [&hellip;]<\/p>\n","protected":false},"author":4,"featured_media":0,"parent":0,"menu_order":0,"comment_status":"closed","ping_status":"closed","template":"","meta":{"footnotes":""},"class_list":["post-734","page","type-page","status-publish","hentry"],"_links":{"self":[{"href":"https:\/\/engmec.ibiruba.ifrs.edu.br\/index.php\/wp-json\/wp\/v2\/pages\/734","targetHints":{"allow":["GET"]}}],"collection":[{"href":"https:\/\/engmec.ibiruba.ifrs.edu.br\/index.php\/wp-json\/wp\/v2\/pages"}],"about":[{"href":"https:\/\/engmec.ibiruba.ifrs.edu.br\/index.php\/wp-json\/wp\/v2\/types\/page"}],"author":[{"embeddable":true,"href":"https:\/\/engmec.ibiruba.ifrs.edu.br\/index.php\/wp-json\/wp\/v2\/users\/4"}],"replies":[{"embeddable":true,"href":"https:\/\/engmec.ibiruba.ifrs.edu.br\/index.php\/wp-json\/wp\/v2\/comments?post=734"}],"version-history":[{"count":13,"href":"https:\/\/engmec.ibiruba.ifrs.edu.br\/index.php\/wp-json\/wp\/v2\/pages\/734\/revisions"}],"predecessor-version":[{"id":1897,"href":"https:\/\/engmec.ibiruba.ifrs.edu.br\/index.php\/wp-json\/wp\/v2\/pages\/734\/revisions\/1897"}],"wp:attachment":[{"href":"https:\/\/engmec.ibiruba.ifrs.edu.br\/index.php\/wp-json\/wp\/v2\/media?parent=734"}],"curies":[{"name":"wp","href":"https:\/\/api.w.org\/{rel}","templated":true}]}}