{"id":730,"date":"2019-03-20T22:15:39","date_gmt":"2019-03-21T01:15:39","guid":{"rendered":"http:\/\/engmec.ibiruba.ifrs.edu.br\/?page_id=730"},"modified":"2023-07-31T16:27:08","modified_gmt":"2023-07-31T19:27:08","slug":"laboratorio-de-maquinas-de-fluxo","status":"publish","type":"page","link":"https:\/\/engmec.ibiruba.ifrs.edu.br\/index.php\/laboratorio-de-maquinas-de-fluxo\/","title":{"rendered":"M\u00e1quinas de Fluxo"},"content":{"rendered":"\n<p>O laborat\u00f3rio de M\u00e1quinas de Fluxo \u00e9 seguro e apresenta conforto a seus usu\u00e1rios. Possui capacidade m\u00e1xima para 30 alunos e sua manuten\u00e7\u00e3o \u00e9 feita por docentes e bolsistas. Rotineiramente s\u00e3o estudadas as demandas necess\u00e1rias para desenvolver pr\u00e1ticas que venham a contribuir de modo positivo para a forma\u00e7\u00e3o acad\u00eamica do discente, e dentro das limita\u00e7\u00f5es or\u00e7ament\u00e1rias, procura-se atender a tais demandas. No mesmo ambiente do laborat\u00f3rio de M\u00e1quinas de Fluxo funciona o laborat\u00f3rio de Mec\u00e2nica dos Fluidos, em ambos os componentes curriculares busca-se alinhar teoria e pr\u00e1tica com experimentos, muitos deles constru\u00eddos junto aos alunos.&nbsp;<br><\/p>\n\n\n\n<figure class=\"wp-block-image\"><img loading=\"lazy\" decoding=\"async\" width=\"1024\" height=\"768\" src=\"http:\/\/engmec.ibiruba.ifrs.edu.br\/wp-content\/uploads\/2023\/02\/maq-fluxo-1024x768.jpeg\" alt=\"\" class=\"wp-image-1631\" srcset=\"https:\/\/engmec.ibiruba.ifrs.edu.br\/wp-content\/uploads\/2023\/02\/maq-fluxo-1024x768.jpeg 1024w, https:\/\/engmec.ibiruba.ifrs.edu.br\/wp-content\/uploads\/2023\/02\/maq-fluxo-300x225.jpeg 300w, https:\/\/engmec.ibiruba.ifrs.edu.br\/wp-content\/uploads\/2023\/02\/maq-fluxo-768x576.jpeg 768w, https:\/\/engmec.ibiruba.ifrs.edu.br\/wp-content\/uploads\/2023\/02\/maq-fluxo.jpeg 1600w\" sizes=\"auto, (max-width: 1024px) 100vw, 1024px\" \/><figcaption>Experimentos de m\u00e1quinas de fluxo<\/figcaption><\/figure>\n\n\n\n<figure class=\"wp-block-image\"><img loading=\"lazy\" decoding=\"async\" width=\"1024\" height=\"724\" src=\"http:\/\/engmec.ibiruba.ifrs.edu.br\/wp-content\/uploads\/2023\/07\/m\u00e1quinas-de-fluxo-1024x724.jpg\" alt=\"\" class=\"wp-image-1812\" srcset=\"https:\/\/engmec.ibiruba.ifrs.edu.br\/wp-content\/uploads\/2023\/07\/m\u00e1quinas-de-fluxo-1024x724.jpg 1024w, https:\/\/engmec.ibiruba.ifrs.edu.br\/wp-content\/uploads\/2023\/07\/m\u00e1quinas-de-fluxo-300x212.jpg 300w, https:\/\/engmec.ibiruba.ifrs.edu.br\/wp-content\/uploads\/2023\/07\/m\u00e1quinas-de-fluxo-768x543.jpg 768w, https:\/\/engmec.ibiruba.ifrs.edu.br\/wp-content\/uploads\/2023\/07\/m\u00e1quinas-de-fluxo.jpg 1755w\" sizes=\"auto, (max-width: 1024px) 100vw, 1024px\" \/><figcaption>Mapa de Riscos do laborat\u00f3rio de M\u00e1quinas de Fluxo<\/figcaption><\/figure>\n\n\n\n<figure class=\"wp-block-image\"><img loading=\"lazy\" decoding=\"async\" width=\"723\" height=\"1024\" src=\"http:\/\/engmec.ibiruba.ifrs.edu.br\/wp-content\/uploads\/2023\/07\/M\u00e1q-Fluxo-723x1024.jpg\" alt=\"\" class=\"wp-image-1813\" srcset=\"https:\/\/engmec.ibiruba.ifrs.edu.br\/wp-content\/uploads\/2023\/07\/M\u00e1q-Fluxo-723x1024.jpg 723w, https:\/\/engmec.ibiruba.ifrs.edu.br\/wp-content\/uploads\/2023\/07\/M\u00e1q-Fluxo-212x300.jpg 212w, https:\/\/engmec.ibiruba.ifrs.edu.br\/wp-content\/uploads\/2023\/07\/M\u00e1q-Fluxo-768x1088.jpg 768w, https:\/\/engmec.ibiruba.ifrs.edu.br\/wp-content\/uploads\/2023\/07\/M\u00e1q-Fluxo.jpg 1240w\" sizes=\"auto, (max-width: 723px) 100vw, 723px\" \/><figcaption> Plano de Manuten\u00e7\u00e3o do laborat\u00f3rio de M\u00e1quinas de Fluxo<\/figcaption><\/figure>\n\n\n\n<figure class=\"wp-block-image\"><img loading=\"lazy\" decoding=\"async\" width=\"1024\" height=\"723\" src=\"http:\/\/engmec.ibiruba.ifrs.edu.br\/wp-content\/uploads\/2023\/07\/m\u00e1quinas-de-fluxo_page-0001-1024x723.jpg\" alt=\"\" class=\"wp-image-1863\" srcset=\"https:\/\/engmec.ibiruba.ifrs.edu.br\/wp-content\/uploads\/2023\/07\/m\u00e1quinas-de-fluxo_page-0001-1024x723.jpg 1024w, https:\/\/engmec.ibiruba.ifrs.edu.br\/wp-content\/uploads\/2023\/07\/m\u00e1quinas-de-fluxo_page-0001-300x212.jpg 300w, https:\/\/engmec.ibiruba.ifrs.edu.br\/wp-content\/uploads\/2023\/07\/m\u00e1quinas-de-fluxo_page-0001-768x542.jpg 768w, https:\/\/engmec.ibiruba.ifrs.edu.br\/wp-content\/uploads\/2023\/07\/m\u00e1quinas-de-fluxo_page-0001.jpg 1756w\" sizes=\"auto, (max-width: 1024px) 100vw, 1024px\" \/><\/figure>\n","protected":false},"excerpt":{"rendered":"<p>O laborat\u00f3rio de M\u00e1quinas de Fluxo \u00e9 seguro e apresenta conforto a seus usu\u00e1rios. Possui capacidade m\u00e1xima para 30 alunos e sua manuten\u00e7\u00e3o \u00e9 feita por docentes e bolsistas. Rotineiramente s\u00e3o estudadas as demandas necess\u00e1rias para desenvolver pr\u00e1ticas que venham a contribuir de modo positivo para a forma\u00e7\u00e3o acad\u00eamica do discente, e dentro das limita\u00e7\u00f5es [&hellip;]<\/p>\n","protected":false},"author":4,"featured_media":0,"parent":0,"menu_order":0,"comment_status":"closed","ping_status":"closed","template":"","meta":{"footnotes":""},"class_list":["post-730","page","type-page","status-publish","hentry"],"_links":{"self":[{"href":"https:\/\/engmec.ibiruba.ifrs.edu.br\/index.php\/wp-json\/wp\/v2\/pages\/730","targetHints":{"allow":["GET"]}}],"collection":[{"href":"https:\/\/engmec.ibiruba.ifrs.edu.br\/index.php\/wp-json\/wp\/v2\/pages"}],"about":[{"href":"https:\/\/engmec.ibiruba.ifrs.edu.br\/index.php\/wp-json\/wp\/v2\/types\/page"}],"author":[{"embeddable":true,"href":"https:\/\/engmec.ibiruba.ifrs.edu.br\/index.php\/wp-json\/wp\/v2\/users\/4"}],"replies":[{"embeddable":true,"href":"https:\/\/engmec.ibiruba.ifrs.edu.br\/index.php\/wp-json\/wp\/v2\/comments?post=730"}],"version-history":[{"count":14,"href":"https:\/\/engmec.ibiruba.ifrs.edu.br\/index.php\/wp-json\/wp\/v2\/pages\/730\/revisions"}],"predecessor-version":[{"id":1864,"href":"https:\/\/engmec.ibiruba.ifrs.edu.br\/index.php\/wp-json\/wp\/v2\/pages\/730\/revisions\/1864"}],"wp:attachment":[{"href":"https:\/\/engmec.ibiruba.ifrs.edu.br\/index.php\/wp-json\/wp\/v2\/media?parent=730"}],"curies":[{"name":"wp","href":"https:\/\/api.w.org\/{rel}","templated":true}]}}