{"id":689,"date":"2019-03-20T21:02:33","date_gmt":"2019-03-21T00:02:33","guid":{"rendered":"http:\/\/engmec.ibiruba.ifrs.edu.br\/?page_id=689"},"modified":"2023-07-31T16:28:22","modified_gmt":"2023-07-31T19:28:22","slug":"laboratorio-de-metrologia","status":"publish","type":"page","link":"https:\/\/engmec.ibiruba.ifrs.edu.br\/index.php\/laboratorio-de-metrologia\/","title":{"rendered":"Metrologia"},"content":{"rendered":"\n<p>O Laborat\u00f3rio de Metrologia possui uma estrutura que possibilita a pr\u00e1tica pedag\u00f3gica de ensino de maneira muito satisfat\u00f3ria. Possuindo um amplo espa\u00e7o e contando com diversos instrumentos de medi\u00e7\u00e3o \u00e9 poss\u00edvel a realiza\u00e7\u00e3o de diversas atividades, dentre elas pode-se citar: a medi\u00e7\u00e3o de pe\u00e7as, o c\u00e1lculo de incertezas de medi\u00e7\u00e3o e a calibra\u00e7\u00e3o de instrumentos.<\/p>\n\n\n\n<figure class=\"wp-block-image\"><img loading=\"lazy\" decoding=\"async\" width=\"1024\" height=\"576\" src=\"http:\/\/engmec.ibiruba.ifrs.edu.br\/wp-content\/uploads\/2019\/09\/WhatsApp-Image-2019-09-28-at-15.42.52-1024x576.jpeg\" alt=\"\" class=\"wp-image-1308\" srcset=\"https:\/\/engmec.ibiruba.ifrs.edu.br\/wp-content\/uploads\/2019\/09\/WhatsApp-Image-2019-09-28-at-15.42.52-1024x576.jpeg 1024w, https:\/\/engmec.ibiruba.ifrs.edu.br\/wp-content\/uploads\/2019\/09\/WhatsApp-Image-2019-09-28-at-15.42.52-300x169.jpeg 300w, https:\/\/engmec.ibiruba.ifrs.edu.br\/wp-content\/uploads\/2019\/09\/WhatsApp-Image-2019-09-28-at-15.42.52-768x432.jpeg 768w, https:\/\/engmec.ibiruba.ifrs.edu.br\/wp-content\/uploads\/2019\/09\/WhatsApp-Image-2019-09-28-at-15.42.52.jpeg 1032w\" sizes=\"auto, (max-width: 1024px) 100vw, 1024px\" \/><\/figure>\n\n\n\n<figure class=\"wp-block-image\"><img loading=\"lazy\" decoding=\"async\" width=\"1024\" height=\"724\" src=\"http:\/\/engmec.ibiruba.ifrs.edu.br\/wp-content\/uploads\/2023\/07\/Metrologia-1024x724.jpg\" alt=\"\" class=\"wp-image-1822\" srcset=\"https:\/\/engmec.ibiruba.ifrs.edu.br\/wp-content\/uploads\/2023\/07\/Metrologia-1024x724.jpg 1024w, https:\/\/engmec.ibiruba.ifrs.edu.br\/wp-content\/uploads\/2023\/07\/Metrologia-300x212.jpg 300w, https:\/\/engmec.ibiruba.ifrs.edu.br\/wp-content\/uploads\/2023\/07\/Metrologia-768x543.jpg 768w, https:\/\/engmec.ibiruba.ifrs.edu.br\/wp-content\/uploads\/2023\/07\/Metrologia.jpg 1755w\" sizes=\"auto, (max-width: 1024px) 100vw, 1024px\" \/><figcaption>Mapa de Riscos do laborat\u00f3rio de Metrologia<\/figcaption><\/figure>\n\n\n\n<figure class=\"wp-block-image is-resized\"><img loading=\"lazy\" decoding=\"async\" src=\"http:\/\/engmec.ibiruba.ifrs.edu.br\/wp-content\/uploads\/2023\/07\/Metrologia-1-723x1024.jpg\" alt=\"\" class=\"wp-image-1823\" width=\"580\" height=\"821\" srcset=\"https:\/\/engmec.ibiruba.ifrs.edu.br\/wp-content\/uploads\/2023\/07\/Metrologia-1-723x1024.jpg 723w, https:\/\/engmec.ibiruba.ifrs.edu.br\/wp-content\/uploads\/2023\/07\/Metrologia-1-212x300.jpg 212w, https:\/\/engmec.ibiruba.ifrs.edu.br\/wp-content\/uploads\/2023\/07\/Metrologia-1-768x1088.jpg 768w, https:\/\/engmec.ibiruba.ifrs.edu.br\/wp-content\/uploads\/2023\/07\/Metrologia-1.jpg 1240w\" sizes=\"auto, (max-width: 580px) 100vw, 580px\" \/><figcaption> Plano de Manuten\u00e7\u00e3o do laborat\u00f3rio de Metrologia<\/figcaption><\/figure>\n\n\n\n<figure class=\"wp-block-image\"><img loading=\"lazy\" decoding=\"async\" width=\"1024\" height=\"723\" src=\"http:\/\/engmec.ibiruba.ifrs.edu.br\/wp-content\/uploads\/2023\/07\/Metrologia_page-0001-1024x723.jpg\" alt=\"\" class=\"wp-image-1867\" srcset=\"https:\/\/engmec.ibiruba.ifrs.edu.br\/wp-content\/uploads\/2023\/07\/Metrologia_page-0001-1024x723.jpg 1024w, https:\/\/engmec.ibiruba.ifrs.edu.br\/wp-content\/uploads\/2023\/07\/Metrologia_page-0001-300x212.jpg 300w, https:\/\/engmec.ibiruba.ifrs.edu.br\/wp-content\/uploads\/2023\/07\/Metrologia_page-0001-768x542.jpg 768w, https:\/\/engmec.ibiruba.ifrs.edu.br\/wp-content\/uploads\/2023\/07\/Metrologia_page-0001.jpg 1756w\" sizes=\"auto, (max-width: 1024px) 100vw, 1024px\" \/><\/figure>\n","protected":false},"excerpt":{"rendered":"<p>O Laborat\u00f3rio de Metrologia possui uma estrutura que possibilita a pr\u00e1tica pedag\u00f3gica de ensino de maneira muito satisfat\u00f3ria. Possuindo um amplo espa\u00e7o e contando com diversos instrumentos de medi\u00e7\u00e3o \u00e9 poss\u00edvel a realiza\u00e7\u00e3o de diversas atividades, dentre elas pode-se citar: a medi\u00e7\u00e3o de pe\u00e7as, o c\u00e1lculo de incertezas de medi\u00e7\u00e3o e a calibra\u00e7\u00e3o de instrumentos.<\/p>\n","protected":false},"author":4,"featured_media":0,"parent":0,"menu_order":0,"comment_status":"closed","ping_status":"closed","template":"","meta":{"footnotes":""},"class_list":["post-689","page","type-page","status-publish","hentry"],"_links":{"self":[{"href":"https:\/\/engmec.ibiruba.ifrs.edu.br\/index.php\/wp-json\/wp\/v2\/pages\/689","targetHints":{"allow":["GET"]}}],"collection":[{"href":"https:\/\/engmec.ibiruba.ifrs.edu.br\/index.php\/wp-json\/wp\/v2\/pages"}],"about":[{"href":"https:\/\/engmec.ibiruba.ifrs.edu.br\/index.php\/wp-json\/wp\/v2\/types\/page"}],"author":[{"embeddable":true,"href":"https:\/\/engmec.ibiruba.ifrs.edu.br\/index.php\/wp-json\/wp\/v2\/users\/4"}],"replies":[{"embeddable":true,"href":"https:\/\/engmec.ibiruba.ifrs.edu.br\/index.php\/wp-json\/wp\/v2\/comments?post=689"}],"version-history":[{"count":20,"href":"https:\/\/engmec.ibiruba.ifrs.edu.br\/index.php\/wp-json\/wp\/v2\/pages\/689\/revisions"}],"predecessor-version":[{"id":1868,"href":"https:\/\/engmec.ibiruba.ifrs.edu.br\/index.php\/wp-json\/wp\/v2\/pages\/689\/revisions\/1868"}],"wp:attachment":[{"href":"https:\/\/engmec.ibiruba.ifrs.edu.br\/index.php\/wp-json\/wp\/v2\/media?parent=689"}],"curies":[{"name":"wp","href":"https:\/\/api.w.org\/{rel}","templated":true}]}}