{"id":60,"date":"2018-12-02T22:31:42","date_gmt":"2018-12-03T00:31:42","guid":{"rendered":"http:\/\/192.168.56.3\/engmecanica\/?page_id=60"},"modified":"2024-08-08T19:16:04","modified_gmt":"2024-08-08T22:16:04","slug":"estagio","status":"publish","type":"page","link":"https:\/\/engmec.ibiruba.ifrs.edu.br\/index.php\/estagio\/","title":{"rendered":"Est\u00e1gio Curricular Obrigat\u00f3rio"},"content":{"rendered":"<p style=\"text-align: left;\">O Est\u00e1gio supervisionado em Engenharia Mec\u00e2nica tem por objetivo a complementa\u00e7\u00e3o do ensino ministrado dentro da institui\u00e7\u00e3o, sendo uma ferramenta de aperfei\u00e7oamento t\u00e9cnico-cient\u00edfico, de treinamento pr\u00e1tico, de relacionamento humano e de integra\u00e7\u00e3o. Neste momento, o aluno \u00e9 colocado diante da realidade profissional, a fim de adquirir uma vis\u00e3o ampla das estruturas empresariais privadas ou p\u00fablicas, nas quais inserir-se-\u00e1 integrar\u00e1 ao graduar-se. Al\u00e9m disto, estabelece-se um v\u00ednculo importante entre o IFRS Campus Ibirub\u00e1 e Empresa, possibilitando a atualiza\u00e7\u00e3o de ambos os lados. Sendo assim o Est\u00e1gio Supervisionado deve oferecer ao discente:<\/p>\n<ul>\n<li>Oportunidade para aplicar os conhecimentos adquiridos na Institui\u00e7\u00e3o e adquirir alguma viv\u00eancia profissional na respectiva \u00e1rea de atividade, tanto do ponto de vista t\u00e9cnico como no de relacionamento humano e interpessoal;<\/li>\n<li>Oportunidade de auto avaliar suas habilidades diante de situa\u00e7\u00f5es da vida pr\u00e1tica e guiar suas prefer\u00eancias profissionais.<\/li>\n<\/ul>\n\n\n<hr class=\"wp-block-separator\"\/>\n\n\n\n<h2 class=\"wp-block-heading\">Quando posso fazer?<\/h2>\n\n\n\n<p>Quando cursar no m\u00ednimo 65% da carga hor\u00e1ria total do curso, ou seja: <strong>2640 horas.<\/strong><\/p>\n\n\n\n<hr class=\"wp-block-separator\"\/>\n\n\n\n<h2 class=\"wp-block-heading\">Como encaminhar?<\/h2>\n\n\n\n<ul class=\"wp-block-gallery columns-1 is-cropped wp-block-gallery-1 is-layout-flex wp-block-gallery-is-layout-flex\"><li class=\"blocks-gallery-item\"><figure><img loading=\"lazy\" decoding=\"async\" width=\"1024\" height=\"576\" src=\"http:\/\/engmec.ibiruba.ifrs.edu.br\/wp-content\/uploads\/2019\/09\/Fluxograma-est\u00e1gio-obrigat\u00f3rio-1-1024x576.png\" alt=\"\" data-id=\"1208\" data-link=\"http:\/\/engmec.ibiruba.ifrs.edu.br\/index.php\/estagio\/fluxograma-estagio-obrigatorio-1\/\" class=\"wp-image-1208\" srcset=\"https:\/\/engmec.ibiruba.ifrs.edu.br\/wp-content\/uploads\/2019\/09\/Fluxograma-est\u00e1gio-obrigat\u00f3rio-1-1024x576.png 1024w, https:\/\/engmec.ibiruba.ifrs.edu.br\/wp-content\/uploads\/2019\/09\/Fluxograma-est\u00e1gio-obrigat\u00f3rio-1-300x169.png 300w, https:\/\/engmec.ibiruba.ifrs.edu.br\/wp-content\/uploads\/2019\/09\/Fluxograma-est\u00e1gio-obrigat\u00f3rio-1-768x432.png 768w, https:\/\/engmec.ibiruba.ifrs.edu.br\/wp-content\/uploads\/2019\/09\/Fluxograma-est\u00e1gio-obrigat\u00f3rio-1.png 1058w\" sizes=\"auto, (max-width: 1024px) 100vw, 1024px\" \/><\/figure><\/li><\/ul>\n\n\n\n<hr class=\"wp-block-separator\"\/>\n\n\n\n<h2 class=\"wp-block-heading\">Relat\u00f3rios de est\u00e1gio 2019\/1<\/h2>\n\n\n\n<p><a href=\"http:\/\/engmec.ibiruba.ifrs.edu.br\/wp-content\/uploads\/2019\/08\/RELAT\u00d3RIO-DE-EST\u00c1GIO-RAILA.pdf\">Relat\u00f3rio de est\u00e1gio em Engenharia de Manufatura<\/a><\/p>\n\n\n\n<p><a href=\"http:\/\/engmec.ibiruba.ifrs.edu.br\/wp-content\/uploads\/2019\/09\/RELAT\u00d3RIO-DE-EST\u00c1GIO-CURRICULAR-OBRIGAT\u00d3RIO-revisado-ok.pdf\">Relat\u00f3rio de est\u00e1gio em An\u00e1lise Macrogr\u00e1fica<\/a><\/p>\n\n\n\n<p><a href=\"http:\/\/engmec.ibiruba.ifrs.edu.br\/wp-content\/uploads\/2019\/08\/Relat\u00f3rio_est\u00e1gio_igor.pdf\">Relat\u00f3rio sobre M\u00e9todos e Processos<\/a><\/p>\n\n\n\n<hr class=\"wp-block-separator\"\/>\n\n\n\n<h2 class=\"wp-block-heading\">Regulamenta\u00e7\u00e3o e modelo de relat\u00f3rio<\/h2>\n\n\n\n<p><a href=\"https:\/\/ifrs.edu.br\/ibiruba\/wp-content\/uploads\/sites\/4\/2017\/12\/Regulamento-do-Est%C3%A1gio.pdf\">Clique aqui para acessar o regulamento do Est\u00e1gio Curricular Obrigat\u00f3rio<\/a><\/p>\n\n\n\n<p><a href=\"https:\/\/repositorio.ifrs.edu.br\/xmlui\/bitstream\/handle\/123456789\/209\/123456789209.pdf?sequence=1&amp;isAllowed=y\" target=\"_blank\" rel=\"noreferrer noopener\" aria-label=\" (abre numa nova aba)\">Clique aqui para acessar o Manual para formata\u00e7\u00e3o do relat\u00f3rio de Est\u00e1gio Curricular<\/a><\/p>\n\n\n\n<p><a href=\"https:\/\/drive.google.com\/file\/d\/1RZ7dVqdY8XrlSVjKHGxOdMRUUuCmZtYf\/view\">Clique aqui para baixar o modelo de relat\u00f3rio de est\u00e1gio curricular obrigat\u00f3rio<\/a><\/p>\n\n\n\n<hr class=\"wp-block-separator\"\/>\n\n\n\n<h2 class=\"wp-block-heading\">Est\u00e1gio n\u00e3o obrigat\u00f3rio<\/h2>\n\n\n\n<p> O est\u00e1gio n\u00e3o obrigat\u00f3rio \u00e9 aquele desenvolvido como atividade opcional e em conson\u00e2ncia com a Lei 11788 de 2008. O aluno, durante a realiza\u00e7\u00e3o do curso, poder\u00e1 realizar est\u00e1gios n\u00e3o obrigat\u00f3rios. Estes poder\u00e3o iniciar a qualquer tempo desde que n\u00e3o coincidam com o turno de desenvolvimento do curso e somente poder\u00e3o ser realizados at\u00e9 a integraliza\u00e7\u00e3o do curso, e tamb\u00e9m \u00e9 contabilizado como atividade pr\u00e1tica na forma\u00e7\u00e3o dos estudantes atrav\u00e9s das horas de Atividade Curricular Complementar. <\/p>\n","protected":false},"excerpt":{"rendered":"<p>O Est\u00e1gio supervisionado em Engenharia Mec\u00e2nica tem por objetivo a complementa\u00e7\u00e3o do ensino ministrado dentro da institui\u00e7\u00e3o, sendo uma ferramenta de aperfei\u00e7oamento t\u00e9cnico-cient\u00edfico, de treinamento pr\u00e1tico, de relacionamento humano e de integra\u00e7\u00e3o. Neste momento, o aluno \u00e9 colocado diante da realidade profissional, a fim de adquirir uma vis\u00e3o ampla das estruturas empresariais privadas ou p\u00fablicas, [&hellip;]<\/p>\n","protected":false},"author":4,"featured_media":0,"parent":0,"menu_order":0,"comment_status":"closed","ping_status":"closed","template":"","meta":{"footnotes":""},"class_list":["post-60","page","type-page","status-publish","hentry"],"_links":{"self":[{"href":"https:\/\/engmec.ibiruba.ifrs.edu.br\/index.php\/wp-json\/wp\/v2\/pages\/60","targetHints":{"allow":["GET"]}}],"collection":[{"href":"https:\/\/engmec.ibiruba.ifrs.edu.br\/index.php\/wp-json\/wp\/v2\/pages"}],"about":[{"href":"https:\/\/engmec.ibiruba.ifrs.edu.br\/index.php\/wp-json\/wp\/v2\/types\/page"}],"author":[{"embeddable":true,"href":"https:\/\/engmec.ibiruba.ifrs.edu.br\/index.php\/wp-json\/wp\/v2\/users\/4"}],"replies":[{"embeddable":true,"href":"https:\/\/engmec.ibiruba.ifrs.edu.br\/index.php\/wp-json\/wp\/v2\/comments?post=60"}],"version-history":[{"count":30,"href":"https:\/\/engmec.ibiruba.ifrs.edu.br\/index.php\/wp-json\/wp\/v2\/pages\/60\/revisions"}],"predecessor-version":[{"id":1956,"href":"https:\/\/engmec.ibiruba.ifrs.edu.br\/index.php\/wp-json\/wp\/v2\/pages\/60\/revisions\/1956"}],"wp:attachment":[{"href":"https:\/\/engmec.ibiruba.ifrs.edu.br\/index.php\/wp-json\/wp\/v2\/media?parent=60"}],"curies":[{"name":"wp","href":"https:\/\/api.w.org\/{rel}","templated":true}]}}