{"id":433,"date":"2019-01-24T15:02:15","date_gmt":"2019-01-24T17:02:15","guid":{"rendered":"http:\/\/192.168.56.3\/engmecanica\/?page_id=433"},"modified":"2023-08-01T14:04:38","modified_gmt":"2023-08-01T17:04:38","slug":"laboratorios-2","status":"publish","type":"page","link":"https:\/\/engmec.ibiruba.ifrs.edu.br\/index.php\/laboratorios-2\/","title":{"rendered":"Laborat\u00f3rios"},"content":{"rendered":"<p><span style=\"font-weight: 400;\">Os laborat\u00f3rios s\u00e3o gerenciados pelos Coordenadores de Curso com o apoio de dois t\u00e9cnicos de laborat\u00f3rio. Durante as aulas pr\u00e1ticas, os t\u00e9cnicos auxiliam o docente respons\u00e1vel a garantir a seguran\u00e7a e o correto manuseio dos equipamentos.<\/span><\/p>\n<p>A utiliza\u00e7\u00e3o dos laborat\u00f3rios do Curso de Engenharia Mec\u00e2nica deve ser realizada mediante agendamento pr\u00e9vio. O <em>agendamento<\/em> \u00e9 imprescind\u00edvel para a\u00e7\u00f5es de manuten\u00e7\u00e3o e organiza\u00e7\u00e3o dos laborat\u00f3rios.<\/p>\n<p><strong>Como fazer o agendamento?<\/strong><\/p>\n<ul>\n<li>Envie e-mail para o laboratorista respons\u00e1vel pelo laborat\u00f3rio com o hor\u00e1rio, laborat\u00f3rio e atividade a ser realizada (veja os laboratoristas respons\u00e1veis por cada laborat\u00f3rio na tabela abaixo).<\/li>\n<li>Antes de utilizar os laborat\u00f3rios, <a href=\"https:\/\/ibiruba.ifrs.edu.br\/site\/midias\/arquivos\/2018119872365anexo_iv_regulamento_dos_laboratorios.pdf\">[Clique aqui]<\/a> e leia o regulamento de utiliza\u00e7\u00e3o dos laborat\u00f3rios da Engenharia Mec\u00e2nica<\/li>\n<\/ul>\n\n\n<table class=\"wp-block-table aligncenter\"><tbody><tr><td> <strong>Laborat\u00f3rio<\/strong> <\/td><td> <strong>Laboratorista respons\u00e1vel<\/strong><br><strong>[e-mail]<\/strong> <\/td><\/tr><tr><td><a href=\"http:\/\/engmec.ibiruba.ifrs.edu.br\/index.php\/automacao-2\/\">Automa\u00e7\u00e3o<\/a><\/td><td>Juliano Elesb\u00e3o Rathke [juliano.ratke@ibiruba.ifrs.edu.br]<\/td><\/tr><tr><td><a href=\"http:\/\/engmec.ibiruba.ifrs.edu.br\/index.php\/desenho-2\/\">Desenho T\u00e9cnico<\/a><\/td><td>Jovani Jos\u00e9 Alberti [jovani.alberti@ibiruba.ifrs.edu.br]<\/td><\/tr><tr><td><a href=\"http:\/\/engmec.ibiruba.ifrs.edu.br\/index.php\/instalacoes-eletricas\/\">Eletricidade e Instala\u00e7\u00f5es El\u00e9tricas<\/a><\/td><td>Juliano Elesb\u00e3o Rathke [juliano.ratke@ibiruba.ifrs.edu.br] <\/td><\/tr><tr><td><a href=\"http:\/\/engmec.ibiruba.ifrs.edu.br\/index.php\/eletricidade-e-eletronica\/\">Eletr\u00f4nica<\/a><\/td><td>Juliano Elesb\u00e3o Rathke [juliano.ratke@ibiruba.ifrs.edu.br] <\/td><\/tr><tr><td><a href=\"http:\/\/engmec.ibiruba.ifrs.edu.br\/index.php\/laboratorios\/\">Ensaios Mec\u00e2nicos e Metalografia<\/a><\/td><td>Iuri Guissoni Quaglia [iuri.quaglia@ibiruba.ifrs.edu.br]<\/td><\/tr><tr><td><a href=\"http:\/\/engmec.ibiruba.ifrs.edu.br\/index.php\/fisica-e-vibracoes\/\">F\u00edsica e Vibra\u00e7\u00f5es<\/a><\/td><td>Jovani Jos\u00e9 Alberti [jovani.alberti@ibiruba.ifrs.edu.br] <\/td><\/tr><tr><td><a href=\"http:\/\/engmec.ibiruba.ifrs.edu.br\/index.php\/laboratorios-2\/laboratorio-de-hidraulica-e-pneumatica\/\">Hidr\u00e1ulica e Pneum\u00e1tica<\/a><\/td><td>Jovani Jos\u00e9 Alberti [jovani.alberti@ibiruba.ifrs.edu.br] <\/td><\/tr><tr><td><a href=\"http:\/\/engmec.ibiruba.ifrs.edu.br\/index.php\/if-maker\/\">IF MAKER<\/a><\/td><td>Luciana de Oliveira [luciana.oliveira@ibiruba.ifrs.edu.br]<\/td><\/tr><tr><td><a href=\"http:\/\/engmec.ibiruba.ifrs.edu.br\/index.php\/automacao\/\">M\u00e1quinas El\u00e9tricas e Acionamentos<\/a><\/td><td>Juliano Elesb\u00e3o Rathke [juliano.ratke@ibiruba.ifrs.edu.br] <\/td><\/tr><tr><td><a href=\"http:\/\/engmec.ibiruba.ifrs.edu.br\/index.php\/maquinas-termicas-2\/\">M\u00e1quinas T\u00e9rmicas<\/a><\/td><td>Jovani Jos\u00e9 Alberti [jovani.alberti@ibiruba.ifrs.edu.br] <\/td><\/tr><tr><td><a href=\"http:\/\/engmec.ibiruba.ifrs.edu.br\/index.php\/laboratorio-de-maquinas-de-fluxo\/\">M\u00e1quinas de Fluxo<\/a><\/td><td>Jovani Jos\u00e9 Alberti [jovani.alberti@ibiruba.ifrs.edu.br] <\/td><\/tr><tr><td><a href=\"http:\/\/engmec.ibiruba.ifrs.edu.br\/index.php\/laboratorio-de-metrologia\/\">Metrologia<\/a><\/td><td>Jovani Jos\u00e9 Alberti [jovani.alberti@ibiruba.ifrs.edu.br] <\/td><\/tr><tr><td><a href=\"http:\/\/engmec.ibiruba.ifrs.edu.br\/index.php\/tratamentos-termicos-e-fundicao\/\">Processos Metal\u00fargicos<\/a><\/td><td>Iuri Guissoni Quaglia [iuri.quaglia@ibiruba.ifrs.edu.br] <\/td><\/tr><tr><td><a href=\"http:\/\/engmec.ibiruba.ifrs.edu.br\/index.php\/laboratorio-de-soldagem\/\">Soldagem<\/a><\/td><td>Iuri Guissoni Quaglia [iuri.quaglia@ibiruba.ifrs.edu.br] <\/td><\/tr><tr><td><a href=\"http:\/\/engmec.ibiruba.ifrs.edu.br\/index.php\/laboratorio-de-usinagem-convencional\/\">Usinagem<\/a><\/td><td>Iuri Guissoni Quaglia [iuri.quaglia@ibiruba.ifrs.edu.br] <\/td><\/tr><tr><td><a href=\"http:\/\/engmec.ibiruba.ifrs.edu.br\/index.php\/laboratorio-de-usinagem-cnc\/\">Usinagem Avan\u00e7ada &#8211; CNC<\/a><\/td><td>Anderson de Oliveira Fraga [anderson.fraga@ibiruba.ifrs.edu.br]<\/td><\/tr><\/tbody><\/table>\n\n\n\n<hr class=\"wp-block-separator\"\/>\n\n\n\n<h2 class=\"wp-block-heading\">Manuten\u00e7\u00e3o<\/h2>\n\n\n\n<p>Para solicitar manuten\u00e7\u00e3o nos laborat\u00f3rios citados acima, enviar a solicita\u00e7\u00e3o para o e-mail <a href=\"mailto:engmecanica@ibiruba.ifrs.edu.br\">engmecanica@ibiruba.ifrs.edu.br.<\/a><\/p>\n\n\n\n<p><a href=\"https:\/\/docs.google.com\/spreadsheets\/d\/1Jlf6irJW3Il6E1TA-xT00ONm9S-DN7lJT3hlPjJ1MIQ\/edit#gid=0\">Clique aqui para acessar o cronograma de manuten\u00e7\u00e3o dos laborat\u00f3rios<\/a>[acesso restrito]<\/p>\n","protected":false},"excerpt":{"rendered":"<p>Os laborat\u00f3rios s\u00e3o gerenciados pelos Coordenadores de Curso com o apoio de dois t\u00e9cnicos de laborat\u00f3rio. Durante as aulas pr\u00e1ticas, os t\u00e9cnicos auxiliam o docente respons\u00e1vel a garantir a seguran\u00e7a e o correto manuseio dos equipamentos. A utiliza\u00e7\u00e3o dos laborat\u00f3rios do Curso de Engenharia Mec\u00e2nica deve ser realizada mediante agendamento pr\u00e9vio. O agendamento \u00e9 imprescind\u00edvel [&hellip;]<\/p>\n","protected":false},"author":4,"featured_media":0,"parent":0,"menu_order":0,"comment_status":"closed","ping_status":"closed","template":"","meta":{"footnotes":""},"class_list":["post-433","page","type-page","status-publish","hentry"],"_links":{"self":[{"href":"https:\/\/engmec.ibiruba.ifrs.edu.br\/index.php\/wp-json\/wp\/v2\/pages\/433","targetHints":{"allow":["GET"]}}],"collection":[{"href":"https:\/\/engmec.ibiruba.ifrs.edu.br\/index.php\/wp-json\/wp\/v2\/pages"}],"about":[{"href":"https:\/\/engmec.ibiruba.ifrs.edu.br\/index.php\/wp-json\/wp\/v2\/types\/page"}],"author":[{"embeddable":true,"href":"https:\/\/engmec.ibiruba.ifrs.edu.br\/index.php\/wp-json\/wp\/v2\/users\/4"}],"replies":[{"embeddable":true,"href":"https:\/\/engmec.ibiruba.ifrs.edu.br\/index.php\/wp-json\/wp\/v2\/comments?post=433"}],"version-history":[{"count":39,"href":"https:\/\/engmec.ibiruba.ifrs.edu.br\/index.php\/wp-json\/wp\/v2\/pages\/433\/revisions"}],"predecessor-version":[{"id":1885,"href":"https:\/\/engmec.ibiruba.ifrs.edu.br\/index.php\/wp-json\/wp\/v2\/pages\/433\/revisions\/1885"}],"wp:attachment":[{"href":"https:\/\/engmec.ibiruba.ifrs.edu.br\/index.php\/wp-json\/wp\/v2\/media?parent=433"}],"curies":[{"name":"wp","href":"https:\/\/api.w.org\/{rel}","templated":true}]}}