{"id":243,"date":"2018-12-11T14:50:44","date_gmt":"2018-12-11T16:50:44","guid":{"rendered":"http:\/\/192.168.56.3\/engmecanica\/?page_id=243"},"modified":"2023-01-31T12:52:08","modified_gmt":"2023-01-31T14:52:08","slug":"alunos","status":"publish","type":"page","link":"https:\/\/engmec.ibiruba.ifrs.edu.br\/index.php\/alunos\/","title":{"rendered":"Alunos"},"content":{"rendered":"\n<h2 class=\"wp-block-heading\">Atendimento da coordena\u00e7\u00e3o do curso aos estudantes<\/h2>\n\n\n\n<p>O coordenador do curso est\u00e1 dispon\u00edvel para atendimento aos estudantes nas <strong>ter\u00e7as das 20 h \u00e0s 21 h e nas quartas das 19h30min \u00e0s 20h30min<\/strong>, na sala da coordena\u00e7\u00e3o do curso de Engenharia Mec\u00e2nica.<\/p>\n\n\n\n<p>Tamb\u00e9m pode-se contatar o coordenador atrav\u00e9s do e-mail: engmecanica@ibiruba.ifrs.edu.br<\/p>\n\n\n\n<p><\/p>\n\n\n\n<hr class=\"wp-block-separator\"\/>\n\n\n\n<h2 class=\"wp-block-heading\">Documentos Acad\u00eamicos<\/h2>\n\n\n\n<ul class=\"wp-block-list\"><li><a href=\"https:\/\/ibiruba.ifrs.edu.br\/site\/midias\/arquivos\/201791991957552ppc_-_engenharia_mecanica_(1).pdf\">Projeto Pedag\u00f3gico do Curso (PPC)<\/a><br><\/li><li><a href=\"https:\/\/ifrs.edu.br\/ibiruba\/wp-content\/uploads\/sites\/4\/2017\/12\/Regulamento-do-Est%C3%A1gio.pdf\">Regulamento do Est\u00e1gio Curricular Obrigat\u00f3rio<\/a><br><\/li><li><a href=\"https:\/\/ifrs.edu.br\/ibiruba\/wp-content\/uploads\/sites\/4\/2017\/12\/Regulamento-Atividades-Complementares-1.pdf\">Regulamento das Atividades Curriculares Complementares (ACC&#8217;s)<\/a><br><\/li><li><a href=\"https:\/\/ifrs.edu.br\/ibiruba\/wp-content\/uploads\/sites\/4\/2017\/12\/Regulamento-TCC.pdf\">Regulamento do Trabalho de Conclus\u00e3o de Curso (TCC)<\/a> <\/li><li><a href=\"https:\/\/ifrs.edu.br\/ibiruba\/wp-content\/uploads\/sites\/4\/2017\/12\/Matriz-Curricular-vigente-7.pdf\">Matriz Curricular do Curso de Engenharia Mec\u00e2nica<\/a><\/li><\/ul>\n\n\n\n<hr class=\"wp-block-separator\"\/>\n\n\n\n<p style=\"text-align:center\">Matriz Curricular &#8211; Forma Gr\u00e1fica<\/p>\n\n\n\n<figure class=\"wp-block-image\"><img loading=\"lazy\" decoding=\"async\" width=\"907\" height=\"604\" src=\"http:\/\/192.168.56.3\/engmecanica\/wp-content\/uploads\/2019\/03\/Final.jpg\" alt=\"\" class=\"wp-image-590\" srcset=\"https:\/\/engmec.ibiruba.ifrs.edu.br\/wp-content\/uploads\/2019\/03\/Final.jpg 907w, https:\/\/engmec.ibiruba.ifrs.edu.br\/wp-content\/uploads\/2019\/03\/Final-300x200.jpg 300w, https:\/\/engmec.ibiruba.ifrs.edu.br\/wp-content\/uploads\/2019\/03\/Final-768x511.jpg 768w\" sizes=\"auto, (max-width: 907px) 100vw, 907px\" \/><\/figure>\n","protected":false},"excerpt":{"rendered":"<p>Atendimento da coordena\u00e7\u00e3o do curso aos estudantes O coordenador do curso est\u00e1 dispon\u00edvel para atendimento aos estudantes nas ter\u00e7as das 20 h \u00e0s 21 h e nas quartas das 19h30min \u00e0s 20h30min, na sala da coordena\u00e7\u00e3o do curso de Engenharia Mec\u00e2nica. Tamb\u00e9m pode-se contatar o coordenador atrav\u00e9s do e-mail: engmecanica@ibiruba.ifrs.edu.br Documentos Acad\u00eamicos Projeto Pedag\u00f3gico do [&hellip;]<\/p>\n","protected":false},"author":4,"featured_media":0,"parent":0,"menu_order":0,"comment_status":"closed","ping_status":"closed","template":"","meta":{"footnotes":""},"class_list":["post-243","page","type-page","status-publish","hentry"],"_links":{"self":[{"href":"https:\/\/engmec.ibiruba.ifrs.edu.br\/index.php\/wp-json\/wp\/v2\/pages\/243","targetHints":{"allow":["GET"]}}],"collection":[{"href":"https:\/\/engmec.ibiruba.ifrs.edu.br\/index.php\/wp-json\/wp\/v2\/pages"}],"about":[{"href":"https:\/\/engmec.ibiruba.ifrs.edu.br\/index.php\/wp-json\/wp\/v2\/types\/page"}],"author":[{"embeddable":true,"href":"https:\/\/engmec.ibiruba.ifrs.edu.br\/index.php\/wp-json\/wp\/v2\/users\/4"}],"replies":[{"embeddable":true,"href":"https:\/\/engmec.ibiruba.ifrs.edu.br\/index.php\/wp-json\/wp\/v2\/comments?post=243"}],"version-history":[{"count":101,"href":"https:\/\/engmec.ibiruba.ifrs.edu.br\/index.php\/wp-json\/wp\/v2\/pages\/243\/revisions"}],"predecessor-version":[{"id":1492,"href":"https:\/\/engmec.ibiruba.ifrs.edu.br\/index.php\/wp-json\/wp\/v2\/pages\/243\/revisions\/1492"}],"wp:attachment":[{"href":"https:\/\/engmec.ibiruba.ifrs.edu.br\/index.php\/wp-json\/wp\/v2\/media?parent=243"}],"curies":[{"name":"wp","href":"https:\/\/api.w.org\/{rel}","templated":true}]}}