{"id":2000,"date":"2025-04-04T16:41:07","date_gmt":"2025-04-04T19:41:07","guid":{"rendered":"http:\/\/engmec.ibiruba.ifrs.edu.br\/?page_id=2000"},"modified":"2025-04-10T16:19:21","modified_gmt":"2025-04-10T19:19:21","slug":"mecanismos","status":"publish","type":"page","link":"https:\/\/engmec.ibiruba.ifrs.edu.br\/index.php\/mecanismos\/","title":{"rendered":"Mecanismos"},"content":{"rendered":"\n<p><strong>Mecanismos<\/strong> s\u00e3o sistemas compostos por elementos r\u00edgidos conectados por juntas, projetados para transmitir e transformar movimento. Eles s\u00e3o amplamente utilizados em m\u00e1quinas e dispositivos mec\u00e2nicos.<\/p>\n\n\n\n<p><strong>Mecanismo de 4 barras<\/strong>: Consiste em quatro corpos r\u00edgidos conectados por juntas rotativas, formando um sistema articulado. \u00c9 um dos mecanismos mais b\u00e1sicos e vers\u00e1teis, utilizado em aplica\u00e7\u00f5es como suspens\u00f5es de ve\u00edculos, bra\u00e7os rob\u00f3ticos e sistemas de embreagem.\n\n<\/p>\n\n\n\n<ul class=\"wp-block-gallery columns-1 is-cropped wp-block-gallery-1 is-layout-flex wp-block-gallery-is-layout-flex\"><li class=\"blocks-gallery-item\"><figure><img loading=\"lazy\" decoding=\"async\" width=\"350\" height=\"257\" src=\"http:\/\/engmec.ibiruba.ifrs.edu.br\/wp-content\/uploads\/2025\/04\/unnamed-4.gif\" alt=\"\" data-id=\"2011\" data-link=\"http:\/\/engmec.ibiruba.ifrs.edu.br\/index.php\/mecanismos\/unnamed-4\/\" class=\"wp-image-2011\"\/><figcaption>Funcionamento de um 4 barras<\/figcaption><\/figure><\/li><\/ul>\n\n\n\n<div class=\"wp-block-image\"><figure class=\"aligncenter\"><img loading=\"lazy\" decoding=\"async\" width=\"461\" height=\"1024\" src=\"http:\/\/engmec.ibiruba.ifrs.edu.br\/wp-content\/uploads\/2025\/04\/Imagem-do-WhatsApp-de-2025-04-04-\u00e0s-16.45.25_485efdaf-1-461x1024.jpg\" alt=\"\" class=\"wp-image-2007\" srcset=\"https:\/\/engmec.ibiruba.ifrs.edu.br\/wp-content\/uploads\/2025\/04\/Imagem-do-WhatsApp-de-2025-04-04-\u00e0s-16.45.25_485efdaf-1-461x1024.jpg 461w, https:\/\/engmec.ibiruba.ifrs.edu.br\/wp-content\/uploads\/2025\/04\/Imagem-do-WhatsApp-de-2025-04-04-\u00e0s-16.45.25_485efdaf-1-135x300.jpg 135w, https:\/\/engmec.ibiruba.ifrs.edu.br\/wp-content\/uploads\/2025\/04\/Imagem-do-WhatsApp-de-2025-04-04-\u00e0s-16.45.25_485efdaf-1.jpg 720w\" sizes=\"auto, (max-width: 461px) 100vw, 461px\" \/><figcaption>Exemplo de Mecanismo desenvolvido por estudantes na disciplina de Mecanismos em 2024\/2<\/figcaption><\/figure><\/div>\n\n\n\n<p><strong>Mecanismo manivela-biela<\/strong>: Converte movimento rotativo em movimento linear ou vice-versa. \u00c9 composto por uma manivela (ou volante), uma biela e um pist\u00e3o. Esse sistema \u00e9 encontrado em motores de combust\u00e3o interna e prensas mec\u00e2nicas.<\/p>\n\n\n\n<div class=\"wp-block-image\"><figure class=\"aligncenter\"><img loading=\"lazy\" decoding=\"async\" width=\"461\" height=\"1024\" src=\"http:\/\/engmec.ibiruba.ifrs.edu.br\/wp-content\/uploads\/2025\/04\/Imagem-do-WhatsApp-de-2025-04-04-\u00e0s-16.45.25_6b9b3655-461x1024.jpg\" alt=\"\" class=\"wp-image-2005\" srcset=\"https:\/\/engmec.ibiruba.ifrs.edu.br\/wp-content\/uploads\/2025\/04\/Imagem-do-WhatsApp-de-2025-04-04-\u00e0s-16.45.25_6b9b3655-461x1024.jpg 461w, https:\/\/engmec.ibiruba.ifrs.edu.br\/wp-content\/uploads\/2025\/04\/Imagem-do-WhatsApp-de-2025-04-04-\u00e0s-16.45.25_6b9b3655-135x300.jpg 135w, https:\/\/engmec.ibiruba.ifrs.edu.br\/wp-content\/uploads\/2025\/04\/Imagem-do-WhatsApp-de-2025-04-04-\u00e0s-16.45.25_6b9b3655.jpg 720w\" sizes=\"auto, (max-width: 461px) 100vw, 461px\" \/><figcaption>Modelo desenvolvido na disciplina de Mecanismos 2024\/2 &#8211; Simula uma prensa para conforma\u00e7\u00e3o de metais<\/figcaption><\/figure><\/div>\n\n\n\n<ul class=\"wp-block-gallery columns-1 is-cropped wp-block-gallery-2 is-layout-flex wp-block-gallery-is-layout-flex\"><li class=\"blocks-gallery-item\"><figure><img loading=\"lazy\" decoding=\"async\" width=\"280\" height=\"219\" src=\"http:\/\/engmec.ibiruba.ifrs.edu.br\/wp-content\/uploads\/2025\/04\/unnamed-6.gif\" alt=\"\" data-id=\"2010\" data-link=\"http:\/\/engmec.ibiruba.ifrs.edu.br\/index.php\/mecanismos\/unnamed-6\/\" class=\"wp-image-2010\"\/><figcaption>Exemplo de mecanismos utilizados em motores<\/figcaption><\/figure><\/li><\/ul>\n\n\n\n<p><strong>Mecanismo de Jansen<\/strong>: Criado pelo artista e engenheiro holand\u00eas Theo Jansen, esse mecanismo simula o movimento de pernas de animais para criar um deslocamento eficiente e suave. Utiliza um conjunto espec\u00edfico de barras interligadas que permitem \u00e0s suas &#8220;criaturas&#8221; caminharem impulsionadas pelo vento ou por motores. <\/p>\n\n\n\n<div class=\"wp-block-image\"><figure class=\"aligncenter\"><img loading=\"lazy\" decoding=\"async\" width=\"461\" height=\"1024\" src=\"http:\/\/engmec.ibiruba.ifrs.edu.br\/wp-content\/uploads\/2025\/04\/Imagem-do-WhatsApp-de-2025-04-04-\u00e0s-16.45.25_3fec31ca-461x1024.jpg\" alt=\"\" class=\"wp-image-2008\" srcset=\"https:\/\/engmec.ibiruba.ifrs.edu.br\/wp-content\/uploads\/2025\/04\/Imagem-do-WhatsApp-de-2025-04-04-\u00e0s-16.45.25_3fec31ca-461x1024.jpg 461w, https:\/\/engmec.ibiruba.ifrs.edu.br\/wp-content\/uploads\/2025\/04\/Imagem-do-WhatsApp-de-2025-04-04-\u00e0s-16.45.25_3fec31ca-135x300.jpg 135w, https:\/\/engmec.ibiruba.ifrs.edu.br\/wp-content\/uploads\/2025\/04\/Imagem-do-WhatsApp-de-2025-04-04-\u00e0s-16.45.25_3fec31ca.jpg 720w\" sizes=\"auto, (max-width: 461px) 100vw, 461px\" \/><figcaption>Modelo desenvolvido na disciplina de Mecanismos &#8211; 2019\/2<\/figcaption><\/figure><\/div>\n\n\n\n<div class=\"wp-block-image\"><figure class=\"aligncenter\"><img loading=\"lazy\" decoding=\"async\" width=\"410\" height=\"410\" src=\"http:\/\/engmec.ibiruba.ifrs.edu.br\/wp-content\/uploads\/2025\/04\/1d92b57425b26866e27275d0680c7488.gif\" alt=\"\" class=\"wp-image-2012\"\/><figcaption>Exemplo do movimento executado pelo mecanismo<\/figcaption><\/figure><\/div>\n","protected":false},"excerpt":{"rendered":"<p>Mecanismos s\u00e3o sistemas compostos por elementos r\u00edgidos conectados por juntas, projetados para transmitir e transformar movimento. Eles s\u00e3o amplamente utilizados em m\u00e1quinas e dispositivos mec\u00e2nicos. Mecanismo de 4 barras: Consiste em quatro corpos r\u00edgidos conectados por juntas rotativas, formando um sistema articulado. \u00c9 um dos mecanismos mais b\u00e1sicos e vers\u00e1teis, utilizado em aplica\u00e7\u00f5es como suspens\u00f5es [&hellip;]<\/p>\n","protected":false},"author":12,"featured_media":0,"parent":0,"menu_order":0,"comment_status":"closed","ping_status":"closed","template":"","meta":{"footnotes":""},"class_list":["post-2000","page","type-page","status-publish","hentry"],"_links":{"self":[{"href":"https:\/\/engmec.ibiruba.ifrs.edu.br\/index.php\/wp-json\/wp\/v2\/pages\/2000","targetHints":{"allow":["GET"]}}],"collection":[{"href":"https:\/\/engmec.ibiruba.ifrs.edu.br\/index.php\/wp-json\/wp\/v2\/pages"}],"about":[{"href":"https:\/\/engmec.ibiruba.ifrs.edu.br\/index.php\/wp-json\/wp\/v2\/types\/page"}],"author":[{"embeddable":true,"href":"https:\/\/engmec.ibiruba.ifrs.edu.br\/index.php\/wp-json\/wp\/v2\/users\/12"}],"replies":[{"embeddable":true,"href":"https:\/\/engmec.ibiruba.ifrs.edu.br\/index.php\/wp-json\/wp\/v2\/comments?post=2000"}],"version-history":[{"count":8,"href":"https:\/\/engmec.ibiruba.ifrs.edu.br\/index.php\/wp-json\/wp\/v2\/pages\/2000\/revisions"}],"predecessor-version":[{"id":2020,"href":"https:\/\/engmec.ibiruba.ifrs.edu.br\/index.php\/wp-json\/wp\/v2\/pages\/2000\/revisions\/2020"}],"wp:attachment":[{"href":"https:\/\/engmec.ibiruba.ifrs.edu.br\/index.php\/wp-json\/wp\/v2\/media?parent=2000"}],"curies":[{"name":"wp","href":"https:\/\/api.w.org\/{rel}","templated":true}]}}