{"id":19,"date":"2018-11-30T21:10:56","date_gmt":"2018-11-30T23:10:56","guid":{"rendered":"http:\/\/192.168.56.3\/engmecanica\/?page_id=19"},"modified":"2019-04-04T13:37:42","modified_gmt":"2019-04-04T16:37:42","slug":"o-ifrs","status":"publish","type":"page","link":"https:\/\/engmec.ibiruba.ifrs.edu.br\/index.php\/o-ifrs\/","title":{"rendered":"O IFRS"},"content":{"rendered":"<p>O Instituto Federal de Educa\u00e7\u00e3o, Ci\u00eancia e Tecnologia do Rio Grande do Sul (IFRS) \u00e9 uma institui\u00e7\u00e3o federal de ensino p\u00fablico e gratuito. Atua com uma estrutura multicampi para promover a educa\u00e7\u00e3o profissional e tecnol\u00f3gica de excel\u00eancia e impulsionar o desenvolvimento sustent\u00e1vel das regi\u00f5es.<\/p>\n<p>Possui 17\u00a0<em>campi<\/em>: Bento Gon\u00e7alves, Canoas, Caxias do Sul, Erechim, Farroupilha, Feliz, <strong>Ibirub\u00e1<\/strong>, Os\u00f3rio, Porto Alegre, Restinga (Porto Alegre), Rio Grande e Sert\u00e3o e, em processo de implanta\u00e7\u00e3o: Alvorada, Rolante, Vacaria, Veran\u00f3polis e Viam\u00e3o. A Reitoria \u00e9 sediada em <em>Bento Gon\u00e7alves<\/em>.<\/p>\n<p><b>Miss\u00e3o<\/b><\/p>\n<div>Ofertar educa\u00e7\u00e3o profissional, cient\u00edfica e tecnol\u00f3gica, inclusiva, p\u00fablica, gratuita e de qualidade, promovendo a forma\u00e7\u00e3o integral de cidad\u00e3os para enfrentar e superar desigualdades sociais, econ\u00f4micas, culturais e ambientais, garantindo a Indissociabilidade entre ensino, pesquisa e extens\u00e3o e em conson\u00e2ncia com potencialidades e voca\u00e7\u00f5es territoriais.<\/div>\n<p><b>Vis\u00e3o Institucional<\/b><\/p>\n<div>Ser refer\u00eancia em educa\u00e7\u00e3o, ci\u00eancia e tecnologia como uma institui\u00e7\u00e3o p\u00fablica, gratuita, de qualidade e com compromisso social.<\/div>\n<div>\n<p><b>Valores<\/b><\/p>\n<div>\n<ul>\n<li>Equidade e justi\u00e7a social<\/li>\n<li>Democracia<\/li>\n<li>Coopera\u00e7\u00e3o<\/li>\n<li>Solidariedade<\/li>\n<li>Sustentabilidade<\/li>\n<li>\u00c9tica<\/li>\n<li>Desenvolvimento Humano<\/li>\n<li>Inova\u00e7\u00e3o<\/li>\n<li>Qualidade e Excel\u00eancia<\/li>\n<li>Autonomia<\/li>\n<li>Respeito \u00e0 diversidade<\/li>\n<li>Compromisso social<\/li>\n<\/ul>\n<\/div>\n<\/div>\n<h4><b>O que \u00e9 um Instituto Federal?<\/b><\/h4>\n<p>\u00c9 uma institui\u00e7\u00e3o de ensino p\u00fablica (ligada ao governo federal), especializada na oferta de educa\u00e7\u00e3o profissional e tecnol\u00f3gica, que orienta a oferta de cursos visando ao fortalecimento dos arranjos produtivos, sociais e culturais das localidades onde est\u00e1 instalado. O IFRS oferece cursos de forma\u00e7\u00e3o inicial continuada (cursos r\u00e1pidos), cursos t\u00e9cnicos de n\u00edvel m\u00e9dio, de gradua\u00e7\u00e3o e de p\u00f3s-gradua\u00e7\u00e3o (especializa\u00e7\u00e3o e mestrado). Seu nome completo \u00e9 Instituto Federal de Educa\u00e7\u00e3o, Ci\u00eancia e Tecnologia do Rio Grande do Sul (IFRS), mas tamb\u00e9m \u00e9 chamado pela forma resumida: Instituto Federal do Rio Grande do Sul; ou pela sigla, que \u00e9 pronunciada letra por letra (I-F-R-S) ou com as duas primeiras letras lidas como palavra e as duas \u00faltimas soletradas (If-R-S).<\/p>\n<h4>Voc\u00ea sabia?<\/h4>\n<p>No Rio Grande do Sul, atuam tr\u00eas institutos federais: Instituto Federal do Rio Grande do Sul (IFRS), Instituto Federal Sul-riograndense (IFSul) e Instituto Federal Farroupilha (IFFarroupilha).<\/p>\n<h4>Gest\u00e3o atual no Campus Ibirub\u00e1<\/h4>\n<p style=\"text-align: center;\"><strong>Diretora-geral do\u00a0<i>Campus<\/i>\u00a0Ibirub\u00e1<\/strong><br \/>\nMigacir Trindade Duarte Fl\u00f4res<\/p>\n<p style=\"text-align: center;\"><strong>Diretora de Ensino<\/strong><br \/>\nSandra Rejane Zorzo Peringer<\/p>\n<p style=\"text-align: center;\"><strong>Diretora de Administra\u00e7\u00e3o e Planejamento<br \/>\n<\/strong>Cristiane Brauner<\/p>\n<p style=\"text-align: center;\"><strong>Coordenador de Extens\u00e3o<br \/>\n<\/strong>Mois\u00e9s Nivaldo Cordeiro<\/p>\n<p style=\"text-align: center;\"><strong>Coordenador de Desenvolvimento Institucional<\/strong><br \/>\nEdimar M\u00e2nica<\/p>\n<p style=\"text-align: center;\"><strong>Coordenador de Pesquisa, P\u00f3s-Gradua\u00e7\u00e3o e Inova\u00e7\u00e3o<br \/>\n<\/strong>Juliano Dalcin Martins<\/p>\n<p style=\"text-align: center;\"><strong>Coordenadora de Ensino<br \/>\n<\/strong>Paula Gaida Winch<\/p>\n<p style=\"text-align: center;\"><strong>Coordenador de Registros Acad\u00eamicos<\/strong><br \/>\nDionei Schwaab Brandt<\/p>\n<p style=\"text-align: center;\"><strong>Coordenadora de TI<\/strong><br \/>\nLaura Gotleib da Rosa<\/p>\n<p style=\"text-align: center;\"><strong>Coordenador de Administra\u00e7\u00e3o e Execu\u00e7\u00e3o Or\u00e7ament\u00e1ria<\/strong><br \/>\nLuiz Felipe Kopper da Silva<\/p>\n<p style=\"text-align: center;\"><strong>Coordenador de Produ\u00e7\u00e3o Agropecu\u00e1ria<\/strong><br \/>\nMaiquel Gromann<\/p>\n<p style=\"text-align: center;\"><strong>Coordenador de Infraestrutura<\/strong><br \/>\nEdson Roberto Bueno<\/p>\n<p style=\"text-align: center;\"><strong>Coordenador de Licita\u00e7\u00f5es e Contratos<\/strong><br \/>\nPaulo Ricardo de Pietro dos Santos<\/p>\n<p style=\"text-align: center;\"><strong>Chefe de Gabinete<\/strong><br \/>\nEduardo Fernandes Antunes<\/p>\n<p style=\"text-align: center;\"><strong>Coordenador de Assist\u00eancia Estudantil<\/strong><br \/>\nMaur\u00edcio Lopes Lima<\/p>\n<p>Conhe\u00e7a tamb\u00e9m os gestores do Instituto Federal do Rio Grande do Sul no <a href=\"https:\/\/ifrs.edu.br\/institucional\/gestao-atual\/\">site<\/a> da Reitoria.<\/p>\n<hr \/>\n<p>Assista ao\u00a0<a href=\"https:\/\/www.youtube.com\/watch?v=nvDOp0c_oTU&amp;list=PLxMarmdO7KKk3m0dL_YEY9oqJbTWWgaLO&amp;index=5\" target=\"_blank\" rel=\"noopener noreferrer\">v\u00eddeo institucional do IFRS!<\/a><\/p>\n<p>Maiores informa\u00e7\u00f5es em: <a href=\"https:\/\/ifrs.edu.br\/\">https:\/\/ifrs.edu.br\/<\/a> e <a href=\"https:\/\/ifrs.edu.br\/ibiruba\/\">https:\/\/ifrs.edu.br\/ibiruba\/<\/a><\/p>\n","protected":false},"excerpt":{"rendered":"<p>O Instituto Federal de Educa\u00e7\u00e3o, Ci\u00eancia e Tecnologia do Rio Grande do Sul (IFRS) \u00e9 uma institui\u00e7\u00e3o federal de ensino p\u00fablico e gratuito. Atua com uma estrutura multicampi para promover a educa\u00e7\u00e3o profissional e tecnol\u00f3gica de excel\u00eancia e impulsionar o desenvolvimento sustent\u00e1vel das regi\u00f5es. Possui 17\u00a0campi: Bento Gon\u00e7alves, Canoas, Caxias do Sul, Erechim, Farroupilha, Feliz, [&hellip;]<\/p>\n","protected":false},"author":4,"featured_media":0,"parent":0,"menu_order":0,"comment_status":"closed","ping_status":"closed","template":"","meta":{"footnotes":""},"class_list":["post-19","page","type-page","status-publish","hentry"],"_links":{"self":[{"href":"https:\/\/engmec.ibiruba.ifrs.edu.br\/index.php\/wp-json\/wp\/v2\/pages\/19","targetHints":{"allow":["GET"]}}],"collection":[{"href":"https:\/\/engmec.ibiruba.ifrs.edu.br\/index.php\/wp-json\/wp\/v2\/pages"}],"about":[{"href":"https:\/\/engmec.ibiruba.ifrs.edu.br\/index.php\/wp-json\/wp\/v2\/types\/page"}],"author":[{"embeddable":true,"href":"https:\/\/engmec.ibiruba.ifrs.edu.br\/index.php\/wp-json\/wp\/v2\/users\/4"}],"replies":[{"embeddable":true,"href":"https:\/\/engmec.ibiruba.ifrs.edu.br\/index.php\/wp-json\/wp\/v2\/comments?post=19"}],"version-history":[{"count":12,"href":"https:\/\/engmec.ibiruba.ifrs.edu.br\/index.php\/wp-json\/wp\/v2\/pages\/19\/revisions"}],"predecessor-version":[{"id":940,"href":"https:\/\/engmec.ibiruba.ifrs.edu.br\/index.php\/wp-json\/wp\/v2\/pages\/19\/revisions\/940"}],"wp:attachment":[{"href":"https:\/\/engmec.ibiruba.ifrs.edu.br\/index.php\/wp-json\/wp\/v2\/media?parent=19"}],"curies":[{"name":"wp","href":"https:\/\/api.w.org\/{rel}","templated":true}]}}