{"id":1843,"date":"2023-07-31T15:38:31","date_gmt":"2023-07-31T18:38:31","guid":{"rendered":"http:\/\/engmec.ibiruba.ifrs.edu.br\/?page_id=1843"},"modified":"2023-07-31T15:38:31","modified_gmt":"2023-07-31T18:38:31","slug":"cad","status":"publish","type":"page","link":"https:\/\/engmec.ibiruba.ifrs.edu.br\/index.php\/cad\/","title":{"rendered":"CAD"},"content":{"rendered":"\n<p>Localizado no pr\u00e9dio Central, o laborat\u00f3rio \u00e9 destinado \u00e0 realiza\u00e7\u00e3o das aulas de desenho assistido por computador. Possui infraestrutura adequada, com computadores de \u00f3tima qualidade e os <em>softwares Autodesk Inventor, Autodesk Inventor HSM, PTC Creo Parametric, ANSYS Workbench<\/em> nas vers\u00f5es educacionais. As configura\u00e7\u00f5es e vers\u00f5es s\u00e3o atualizadas periodicamente, com o apoio dos profissionais de TI e monitoria, al\u00e9m de possuir recursos multim\u00eddia, lousa, e sistema de climatiza\u00e7\u00e3o. <\/p>\n\n\n\n<figure class=\"wp-block-image\"><img loading=\"lazy\" decoding=\"async\" width=\"1024\" height=\"683\" src=\"http:\/\/engmec.ibiruba.ifrs.edu.br\/wp-content\/uploads\/2023\/07\/CAD-1024x683.jpg\" alt=\"\" class=\"wp-image-1844\" srcset=\"https:\/\/engmec.ibiruba.ifrs.edu.br\/wp-content\/uploads\/2023\/07\/CAD-1024x683.jpg 1024w, https:\/\/engmec.ibiruba.ifrs.edu.br\/wp-content\/uploads\/2023\/07\/CAD-300x200.jpg 300w, https:\/\/engmec.ibiruba.ifrs.edu.br\/wp-content\/uploads\/2023\/07\/CAD-768x512.jpg 768w\" sizes=\"auto, (max-width: 1024px) 100vw, 1024px\" \/><\/figure>\n","protected":false},"excerpt":{"rendered":"<p>Localizado no pr\u00e9dio Central, o laborat\u00f3rio \u00e9 destinado \u00e0 realiza\u00e7\u00e3o das aulas de desenho assistido por computador. Possui infraestrutura adequada, com computadores de \u00f3tima qualidade e os softwares Autodesk Inventor, Autodesk Inventor HSM, PTC Creo Parametric, ANSYS Workbench nas vers\u00f5es educacionais. As configura\u00e7\u00f5es e vers\u00f5es s\u00e3o atualizadas periodicamente, com o apoio dos profissionais de TI [&hellip;]<\/p>\n","protected":false},"author":11,"featured_media":0,"parent":0,"menu_order":0,"comment_status":"closed","ping_status":"closed","template":"","meta":{"footnotes":""},"class_list":["post-1843","page","type-page","status-publish","hentry"],"_links":{"self":[{"href":"https:\/\/engmec.ibiruba.ifrs.edu.br\/index.php\/wp-json\/wp\/v2\/pages\/1843","targetHints":{"allow":["GET"]}}],"collection":[{"href":"https:\/\/engmec.ibiruba.ifrs.edu.br\/index.php\/wp-json\/wp\/v2\/pages"}],"about":[{"href":"https:\/\/engmec.ibiruba.ifrs.edu.br\/index.php\/wp-json\/wp\/v2\/types\/page"}],"author":[{"embeddable":true,"href":"https:\/\/engmec.ibiruba.ifrs.edu.br\/index.php\/wp-json\/wp\/v2\/users\/11"}],"replies":[{"embeddable":true,"href":"https:\/\/engmec.ibiruba.ifrs.edu.br\/index.php\/wp-json\/wp\/v2\/comments?post=1843"}],"version-history":[{"count":1,"href":"https:\/\/engmec.ibiruba.ifrs.edu.br\/index.php\/wp-json\/wp\/v2\/pages\/1843\/revisions"}],"predecessor-version":[{"id":1845,"href":"https:\/\/engmec.ibiruba.ifrs.edu.br\/index.php\/wp-json\/wp\/v2\/pages\/1843\/revisions\/1845"}],"wp:attachment":[{"href":"https:\/\/engmec.ibiruba.ifrs.edu.br\/index.php\/wp-json\/wp\/v2\/media?parent=1843"}],"curies":[{"name":"wp","href":"https:\/\/api.w.org\/{rel}","templated":true}]}}