{"id":1738,"date":"2023-07-27T16:27:20","date_gmt":"2023-07-27T19:27:20","guid":{"rendered":"http:\/\/engmec.ibiruba.ifrs.edu.br\/?page_id=1738"},"modified":"2023-08-04T15:02:26","modified_gmt":"2023-08-04T18:02:26","slug":"automacao-2","status":"publish","type":"page","link":"https:\/\/engmec.ibiruba.ifrs.edu.br\/index.php\/automacao-2\/","title":{"rendered":"Automa\u00e7\u00e3o"},"content":{"rendered":"\n<p> Compreende a estrutura de computadores, controladores industriais e sensores de forma a propiciar aulas pr\u00e1ticas de programa\u00e7\u00e3o, parametriza\u00e7\u00e3o e montagem de estruturas de automa\u00e7\u00e3o industrial. <\/p>\n\n\n\n<p>O laborat\u00f3rio de Automa\u00e7\u00e3o \u00e9 ligado diretamente com o laborat\u00f3rio de M\u00e1quinas El\u00e9tricas pela possibilidade de trabalho em conjunto utilizando os recursos de ambos os locais.<\/p>\n\n\n\n<figure class=\"wp-block-image\"><img loading=\"lazy\" decoding=\"async\" width=\"1024\" height=\"768\" src=\"http:\/\/engmec.ibiruba.ifrs.edu.br\/wp-content\/uploads\/2023\/07\/Automa\u00e7\u00e3o-1024x768.jpeg\" alt=\"\" class=\"wp-image-1764\" srcset=\"https:\/\/engmec.ibiruba.ifrs.edu.br\/wp-content\/uploads\/2023\/07\/Automa\u00e7\u00e3o-1024x768.jpeg 1024w, https:\/\/engmec.ibiruba.ifrs.edu.br\/wp-content\/uploads\/2023\/07\/Automa\u00e7\u00e3o-300x225.jpeg 300w, https:\/\/engmec.ibiruba.ifrs.edu.br\/wp-content\/uploads\/2023\/07\/Automa\u00e7\u00e3o-768x576.jpeg 768w, https:\/\/engmec.ibiruba.ifrs.edu.br\/wp-content\/uploads\/2023\/07\/Automa\u00e7\u00e3o.jpeg 1600w\" sizes=\"auto, (max-width: 1024px) 100vw, 1024px\" \/><\/figure>\n\n\n\n<figure class=\"wp-block-image\"><img loading=\"lazy\" decoding=\"async\" width=\"1024\" height=\"724\" src=\"http:\/\/engmec.ibiruba.ifrs.edu.br\/wp-content\/uploads\/2023\/07\/Acionamentos-e-Automa\u00e7\u00e3o-1024x724.jpg\" alt=\"\" class=\"wp-image-1774\" srcset=\"https:\/\/engmec.ibiruba.ifrs.edu.br\/wp-content\/uploads\/2023\/07\/Acionamentos-e-Automa\u00e7\u00e3o-1024x724.jpg 1024w, https:\/\/engmec.ibiruba.ifrs.edu.br\/wp-content\/uploads\/2023\/07\/Acionamentos-e-Automa\u00e7\u00e3o-300x212.jpg 300w, https:\/\/engmec.ibiruba.ifrs.edu.br\/wp-content\/uploads\/2023\/07\/Acionamentos-e-Automa\u00e7\u00e3o-768x543.jpg 768w, https:\/\/engmec.ibiruba.ifrs.edu.br\/wp-content\/uploads\/2023\/07\/Acionamentos-e-Automa\u00e7\u00e3o.jpg 1755w\" sizes=\"auto, (max-width: 1024px) 100vw, 1024px\" \/><figcaption>Mapa de riscos do laborat\u00f3rio de Acionamentos e Automa\u00e7\u00e3o<\/figcaption><\/figure>\n\n\n\n<figure class=\"wp-block-image\"><img loading=\"lazy\" decoding=\"async\" width=\"723\" height=\"1024\" src=\"http:\/\/engmec.ibiruba.ifrs.edu.br\/wp-content\/uploads\/2023\/07\/Automa\u00e7\u00e3o-723x1024.jpg\" alt=\"\" class=\"wp-image-1799\" srcset=\"https:\/\/engmec.ibiruba.ifrs.edu.br\/wp-content\/uploads\/2023\/07\/Automa\u00e7\u00e3o-723x1024.jpg 723w, https:\/\/engmec.ibiruba.ifrs.edu.br\/wp-content\/uploads\/2023\/07\/Automa\u00e7\u00e3o-212x300.jpg 212w, https:\/\/engmec.ibiruba.ifrs.edu.br\/wp-content\/uploads\/2023\/07\/Automa\u00e7\u00e3o-768x1088.jpg 768w, https:\/\/engmec.ibiruba.ifrs.edu.br\/wp-content\/uploads\/2023\/07\/Automa\u00e7\u00e3o.jpg 1240w\" sizes=\"auto, (max-width: 723px) 100vw, 723px\" \/><figcaption>Plano de Manuten\u00e7\u00e3o do laborat\u00f3rio de Automa\u00e7\u00e3o<\/figcaption><\/figure>\n\n\n\n<figure class=\"wp-block-image\"><img loading=\"lazy\" decoding=\"async\" width=\"1024\" height=\"723\" src=\"http:\/\/engmec.ibiruba.ifrs.edu.br\/wp-content\/uploads\/2023\/07\/automa\u00e7\u00e3o_page-0001-1024x723.jpg\" alt=\"\" class=\"wp-image-1847\" srcset=\"https:\/\/engmec.ibiruba.ifrs.edu.br\/wp-content\/uploads\/2023\/07\/automa\u00e7\u00e3o_page-0001-1024x723.jpg 1024w, https:\/\/engmec.ibiruba.ifrs.edu.br\/wp-content\/uploads\/2023\/07\/automa\u00e7\u00e3o_page-0001-300x212.jpg 300w, https:\/\/engmec.ibiruba.ifrs.edu.br\/wp-content\/uploads\/2023\/07\/automa\u00e7\u00e3o_page-0001-768x542.jpg 768w, https:\/\/engmec.ibiruba.ifrs.edu.br\/wp-content\/uploads\/2023\/07\/automa\u00e7\u00e3o_page-0001.jpg 1756w\" sizes=\"auto, (max-width: 1024px) 100vw, 1024px\" \/><\/figure>\n","protected":false},"excerpt":{"rendered":"<p>Compreende a estrutura de computadores, controladores industriais e sensores de forma a propiciar aulas pr\u00e1ticas de programa\u00e7\u00e3o, parametriza\u00e7\u00e3o e montagem de estruturas de automa\u00e7\u00e3o industrial. O laborat\u00f3rio de Automa\u00e7\u00e3o \u00e9 ligado diretamente com o laborat\u00f3rio de M\u00e1quinas El\u00e9tricas pela possibilidade de trabalho em conjunto utilizando os recursos de ambos os locais.<\/p>\n","protected":false},"author":11,"featured_media":0,"parent":0,"menu_order":0,"comment_status":"closed","ping_status":"closed","template":"","meta":{"footnotes":""},"class_list":["post-1738","page","type-page","status-publish","hentry"],"_links":{"self":[{"href":"https:\/\/engmec.ibiruba.ifrs.edu.br\/index.php\/wp-json\/wp\/v2\/pages\/1738","targetHints":{"allow":["GET"]}}],"collection":[{"href":"https:\/\/engmec.ibiruba.ifrs.edu.br\/index.php\/wp-json\/wp\/v2\/pages"}],"about":[{"href":"https:\/\/engmec.ibiruba.ifrs.edu.br\/index.php\/wp-json\/wp\/v2\/types\/page"}],"author":[{"embeddable":true,"href":"https:\/\/engmec.ibiruba.ifrs.edu.br\/index.php\/wp-json\/wp\/v2\/users\/11"}],"replies":[{"embeddable":true,"href":"https:\/\/engmec.ibiruba.ifrs.edu.br\/index.php\/wp-json\/wp\/v2\/comments?post=1738"}],"version-history":[{"count":9,"href":"https:\/\/engmec.ibiruba.ifrs.edu.br\/index.php\/wp-json\/wp\/v2\/pages\/1738\/revisions"}],"predecessor-version":[{"id":1894,"href":"https:\/\/engmec.ibiruba.ifrs.edu.br\/index.php\/wp-json\/wp\/v2\/pages\/1738\/revisions\/1894"}],"wp:attachment":[{"href":"https:\/\/engmec.ibiruba.ifrs.edu.br\/index.php\/wp-json\/wp\/v2\/media?parent=1738"}],"curies":[{"name":"wp","href":"https:\/\/api.w.org\/{rel}","templated":true}]}}