{"id":1664,"date":"2023-03-20T16:59:15","date_gmt":"2023-03-20T19:59:15","guid":{"rendered":"http:\/\/engmec.ibiruba.ifrs.edu.br\/?page_id=1664"},"modified":"2023-03-20T16:59:15","modified_gmt":"2023-03-20T19:59:15","slug":"quadro-de-sequencia-logica-da-engenharia-mecanica","status":"publish","type":"page","link":"https:\/\/engmec.ibiruba.ifrs.edu.br\/index.php\/quadro-de-sequencia-logica-da-engenharia-mecanica\/","title":{"rendered":"Quadro de Sequ\u00eancia L\u00f3gica da Engenharia Mec\u00e2nica"},"content":{"rendered":"\n<figure class=\"wp-block-image\"><img loading=\"lazy\" decoding=\"async\" width=\"1024\" height=\"691\" src=\"http:\/\/engmec.ibiruba.ifrs.edu.br\/wp-content\/uploads\/2023\/03\/ppc-atual-1024x691.jpg\" alt=\"\" class=\"wp-image-1665\" srcset=\"https:\/\/engmec.ibiruba.ifrs.edu.br\/wp-content\/uploads\/2023\/03\/ppc-atual-1024x691.jpg 1024w, https:\/\/engmec.ibiruba.ifrs.edu.br\/wp-content\/uploads\/2023\/03\/ppc-atual-300x202.jpg 300w, https:\/\/engmec.ibiruba.ifrs.edu.br\/wp-content\/uploads\/2023\/03\/ppc-atual-768x518.jpg 768w, https:\/\/engmec.ibiruba.ifrs.edu.br\/wp-content\/uploads\/2023\/03\/ppc-atual.jpg 1091w\" sizes=\"auto, (max-width: 1024px) 100vw, 1024px\" \/><\/figure>\n\n\n\n<figure class=\"wp-block-image\"><img loading=\"lazy\" decoding=\"async\" width=\"812\" height=\"697\" src=\"http:\/\/engmec.ibiruba.ifrs.edu.br\/wp-content\/uploads\/2023\/03\/ppc-atual-2.jpg\" alt=\"\" class=\"wp-image-1666\" srcset=\"https:\/\/engmec.ibiruba.ifrs.edu.br\/wp-content\/uploads\/2023\/03\/ppc-atual-2.jpg 812w, https:\/\/engmec.ibiruba.ifrs.edu.br\/wp-content\/uploads\/2023\/03\/ppc-atual-2-300x258.jpg 300w, https:\/\/engmec.ibiruba.ifrs.edu.br\/wp-content\/uploads\/2023\/03\/ppc-atual-2-768x659.jpg 768w\" sizes=\"auto, (max-width: 812px) 100vw, 812px\" \/><\/figure>\n\n\n\n<figure class=\"wp-block-image\"><img loading=\"lazy\" decoding=\"async\" width=\"850\" height=\"418\" src=\"http:\/\/engmec.ibiruba.ifrs.edu.br\/wp-content\/uploads\/2023\/03\/ppc-atual-3.jpg\" alt=\"\" class=\"wp-image-1667\" srcset=\"https:\/\/engmec.ibiruba.ifrs.edu.br\/wp-content\/uploads\/2023\/03\/ppc-atual-3.jpg 850w, https:\/\/engmec.ibiruba.ifrs.edu.br\/wp-content\/uploads\/2023\/03\/ppc-atual-3-300x148.jpg 300w, https:\/\/engmec.ibiruba.ifrs.edu.br\/wp-content\/uploads\/2023\/03\/ppc-atual-3-768x378.jpg 768w\" sizes=\"auto, (max-width: 850px) 100vw, 850px\" \/><\/figure>\n","protected":false},"excerpt":{"rendered":"","protected":false},"author":11,"featured_media":0,"parent":0,"menu_order":0,"comment_status":"closed","ping_status":"closed","template":"","meta":{"footnotes":""},"class_list":["post-1664","page","type-page","status-publish","hentry"],"_links":{"self":[{"href":"https:\/\/engmec.ibiruba.ifrs.edu.br\/index.php\/wp-json\/wp\/v2\/pages\/1664","targetHints":{"allow":["GET"]}}],"collection":[{"href":"https:\/\/engmec.ibiruba.ifrs.edu.br\/index.php\/wp-json\/wp\/v2\/pages"}],"about":[{"href":"https:\/\/engmec.ibiruba.ifrs.edu.br\/index.php\/wp-json\/wp\/v2\/types\/page"}],"author":[{"embeddable":true,"href":"https:\/\/engmec.ibiruba.ifrs.edu.br\/index.php\/wp-json\/wp\/v2\/users\/11"}],"replies":[{"embeddable":true,"href":"https:\/\/engmec.ibiruba.ifrs.edu.br\/index.php\/wp-json\/wp\/v2\/comments?post=1664"}],"version-history":[{"count":1,"href":"https:\/\/engmec.ibiruba.ifrs.edu.br\/index.php\/wp-json\/wp\/v2\/pages\/1664\/revisions"}],"predecessor-version":[{"id":1668,"href":"https:\/\/engmec.ibiruba.ifrs.edu.br\/index.php\/wp-json\/wp\/v2\/pages\/1664\/revisions\/1668"}],"wp:attachment":[{"href":"https:\/\/engmec.ibiruba.ifrs.edu.br\/index.php\/wp-json\/wp\/v2\/media?parent=1664"}],"curies":[{"name":"wp","href":"https:\/\/api.w.org\/{rel}","templated":true}]}}