{"id":1576,"date":"2023-02-02T19:46:15","date_gmt":"2023-02-02T21:46:15","guid":{"rendered":"http:\/\/engmec.ibiruba.ifrs.edu.br\/?page_id=1576"},"modified":"2023-07-31T16:23:42","modified_gmt":"2023-07-31T19:23:42","slug":"desenho-2","status":"publish","type":"page","link":"https:\/\/engmec.ibiruba.ifrs.edu.br\/index.php\/desenho-2\/","title":{"rendered":"Desenho T\u00e9cnico"},"content":{"rendered":"\n<p>O laborat\u00f3rio de desenho t\u00e9cnico conta com mesas especiais para facilitar o aprendizado do desenho a m\u00e3o, possibilitando o ensino em folhas A3, por exemplo. Os alunos desenvolvem os conhecimentos associados aos elementos b\u00e1sicos do desenho geom\u00e9trico, as normas e padr\u00f5es do desenho t\u00e9cnico, desenho projetivo, cotagem e escalas, cortes, vistas auxiliares, desenho arquitet\u00f4nico, planta baixa e <em>layout<\/em>.<\/p>\n\n\n\n<figure class=\"wp-block-image\"><img loading=\"lazy\" decoding=\"async\" width=\"1024\" height=\"768\" src=\"http:\/\/engmec.ibiruba.ifrs.edu.br\/wp-content\/uploads\/2023\/07\/Desenho-T\u00e9cnico-1024x768.jpeg\" alt=\"\" class=\"wp-image-1766\" srcset=\"https:\/\/engmec.ibiruba.ifrs.edu.br\/wp-content\/uploads\/2023\/07\/Desenho-T\u00e9cnico-1024x768.jpeg 1024w, https:\/\/engmec.ibiruba.ifrs.edu.br\/wp-content\/uploads\/2023\/07\/Desenho-T\u00e9cnico-300x225.jpeg 300w, https:\/\/engmec.ibiruba.ifrs.edu.br\/wp-content\/uploads\/2023\/07\/Desenho-T\u00e9cnico-768x576.jpeg 768w, https:\/\/engmec.ibiruba.ifrs.edu.br\/wp-content\/uploads\/2023\/07\/Desenho-T\u00e9cnico.jpeg 1600w\" sizes=\"auto, (max-width: 1024px) 100vw, 1024px\" \/><\/figure>\n\n\n\n<figure class=\"wp-block-image\"><img loading=\"lazy\" decoding=\"async\" width=\"1024\" height=\"724\" src=\"http:\/\/engmec.ibiruba.ifrs.edu.br\/wp-content\/uploads\/2023\/07\/Desenho-1024x724.jpg\" alt=\"\" class=\"wp-image-1771\" srcset=\"https:\/\/engmec.ibiruba.ifrs.edu.br\/wp-content\/uploads\/2023\/07\/Desenho-1024x724.jpg 1024w, https:\/\/engmec.ibiruba.ifrs.edu.br\/wp-content\/uploads\/2023\/07\/Desenho-300x212.jpg 300w, https:\/\/engmec.ibiruba.ifrs.edu.br\/wp-content\/uploads\/2023\/07\/Desenho-768x543.jpg 768w, https:\/\/engmec.ibiruba.ifrs.edu.br\/wp-content\/uploads\/2023\/07\/Desenho.jpg 1755w\" sizes=\"auto, (max-width: 1024px) 100vw, 1024px\" \/><figcaption>Mapa de riscos do laborat\u00f3rio de Desenho T\u00e9cnico<\/figcaption><\/figure>\n\n\n\n<figure class=\"wp-block-image\"><img loading=\"lazy\" decoding=\"async\" width=\"723\" height=\"1024\" src=\"http:\/\/engmec.ibiruba.ifrs.edu.br\/wp-content\/uploads\/2023\/07\/PM-DESENHO-TEC-723x1024.jpg\" alt=\"\" class=\"wp-image-1781\" srcset=\"https:\/\/engmec.ibiruba.ifrs.edu.br\/wp-content\/uploads\/2023\/07\/PM-DESENHO-TEC-723x1024.jpg 723w, https:\/\/engmec.ibiruba.ifrs.edu.br\/wp-content\/uploads\/2023\/07\/PM-DESENHO-TEC-212x300.jpg 212w, https:\/\/engmec.ibiruba.ifrs.edu.br\/wp-content\/uploads\/2023\/07\/PM-DESENHO-TEC-768x1088.jpg 768w, https:\/\/engmec.ibiruba.ifrs.edu.br\/wp-content\/uploads\/2023\/07\/PM-DESENHO-TEC.jpg 1240w\" sizes=\"auto, (max-width: 723px) 100vw, 723px\" \/><figcaption>Plano de Manuten\u00e7\u00e3o do laborat\u00f3rio de Desenho<\/figcaption><\/figure>\n\n\n\n<figure class=\"wp-block-image\"><img loading=\"lazy\" decoding=\"async\" width=\"1024\" height=\"723\" src=\"http:\/\/engmec.ibiruba.ifrs.edu.br\/wp-content\/uploads\/2023\/07\/desenho_page-0001-1024x723.jpg\" alt=\"\" class=\"wp-image-1851\" srcset=\"https:\/\/engmec.ibiruba.ifrs.edu.br\/wp-content\/uploads\/2023\/07\/desenho_page-0001-1024x723.jpg 1024w, https:\/\/engmec.ibiruba.ifrs.edu.br\/wp-content\/uploads\/2023\/07\/desenho_page-0001-300x212.jpg 300w, https:\/\/engmec.ibiruba.ifrs.edu.br\/wp-content\/uploads\/2023\/07\/desenho_page-0001-768x542.jpg 768w, https:\/\/engmec.ibiruba.ifrs.edu.br\/wp-content\/uploads\/2023\/07\/desenho_page-0001.jpg 1756w\" sizes=\"auto, (max-width: 1024px) 100vw, 1024px\" \/><\/figure>\n","protected":false},"excerpt":{"rendered":"<p>O laborat\u00f3rio de desenho t\u00e9cnico conta com mesas especiais para facilitar o aprendizado do desenho a m\u00e3o, possibilitando o ensino em folhas A3, por exemplo. Os alunos desenvolvem os conhecimentos associados aos elementos b\u00e1sicos do desenho geom\u00e9trico, as normas e padr\u00f5es do desenho t\u00e9cnico, desenho projetivo, cotagem e escalas, cortes, vistas auxiliares, desenho arquitet\u00f4nico, planta [&hellip;]<\/p>\n","protected":false},"author":11,"featured_media":0,"parent":0,"menu_order":0,"comment_status":"closed","ping_status":"closed","template":"","meta":{"footnotes":""},"class_list":["post-1576","page","type-page","status-publish","hentry"],"_links":{"self":[{"href":"https:\/\/engmec.ibiruba.ifrs.edu.br\/index.php\/wp-json\/wp\/v2\/pages\/1576","targetHints":{"allow":["GET"]}}],"collection":[{"href":"https:\/\/engmec.ibiruba.ifrs.edu.br\/index.php\/wp-json\/wp\/v2\/pages"}],"about":[{"href":"https:\/\/engmec.ibiruba.ifrs.edu.br\/index.php\/wp-json\/wp\/v2\/types\/page"}],"author":[{"embeddable":true,"href":"https:\/\/engmec.ibiruba.ifrs.edu.br\/index.php\/wp-json\/wp\/v2\/users\/11"}],"replies":[{"embeddable":true,"href":"https:\/\/engmec.ibiruba.ifrs.edu.br\/index.php\/wp-json\/wp\/v2\/comments?post=1576"}],"version-history":[{"count":10,"href":"https:\/\/engmec.ibiruba.ifrs.edu.br\/index.php\/wp-json\/wp\/v2\/pages\/1576\/revisions"}],"predecessor-version":[{"id":1852,"href":"https:\/\/engmec.ibiruba.ifrs.edu.br\/index.php\/wp-json\/wp\/v2\/pages\/1576\/revisions\/1852"}],"wp:attachment":[{"href":"https:\/\/engmec.ibiruba.ifrs.edu.br\/index.php\/wp-json\/wp\/v2\/media?parent=1576"}],"curies":[{"name":"wp","href":"https:\/\/api.w.org\/{rel}","templated":true}]}}