{"id":1574,"date":"2023-02-02T19:46:15","date_gmt":"2023-02-02T21:46:15","guid":{"rendered":"http:\/\/engmec.ibiruba.ifrs.edu.br\/?page_id=1574"},"modified":"2023-07-31T16:25:00","modified_gmt":"2023-07-31T19:25:00","slug":"fisica-e-vibracoes","status":"publish","type":"page","link":"https:\/\/engmec.ibiruba.ifrs.edu.br\/index.php\/fisica-e-vibracoes\/","title":{"rendered":"F\u00edsica e Vibra\u00e7\u00f5es"},"content":{"rendered":"\n<p>O laborat\u00f3rio de F\u00edsica e Vibra\u00e7\u00f5es possui equipamentos para a realiza\u00e7\u00e3o de atividades pr\u00e1ticas. A \u00eanfase \u00e9 realizar atividades pr\u00e1ticas com grupos de alunos ou atividades extraclasse onde ocorre o planejamento, constru\u00e7\u00e3o de equipamentos novos e coleta de dados. Esse trabalho culmina com a apresenta\u00e7\u00e3o e discuss\u00e3o dos resultados em semin\u00e1rios programados no plano de ensino da disciplina. O laborat\u00f3rio possui diversos equipamentos para aulas pr\u00e1ticas, principalmente de f\u00edsica. Estes foram em sua maioria desenvolvidos pelos alunos do campus Ibirub\u00e1.<\/p>\n\n\n\n<figure class=\"wp-block-image\"><img loading=\"lazy\" decoding=\"async\" width=\"1024\" height=\"768\" src=\"http:\/\/engmec.ibiruba.ifrs.edu.br\/wp-content\/uploads\/2023\/02\/WhatsApp-Image-2023-01-31-at-09.05.43-1-1024x768.jpeg\" alt=\"\" class=\"wp-image-1609\" srcset=\"https:\/\/engmec.ibiruba.ifrs.edu.br\/wp-content\/uploads\/2023\/02\/WhatsApp-Image-2023-01-31-at-09.05.43-1-1024x768.jpeg 1024w, https:\/\/engmec.ibiruba.ifrs.edu.br\/wp-content\/uploads\/2023\/02\/WhatsApp-Image-2023-01-31-at-09.05.43-1-300x225.jpeg 300w, https:\/\/engmec.ibiruba.ifrs.edu.br\/wp-content\/uploads\/2023\/02\/WhatsApp-Image-2023-01-31-at-09.05.43-1-768x576.jpeg 768w, https:\/\/engmec.ibiruba.ifrs.edu.br\/wp-content\/uploads\/2023\/02\/WhatsApp-Image-2023-01-31-at-09.05.43-1.jpeg 1600w\" sizes=\"auto, (max-width: 1024px) 100vw, 1024px\" \/><figcaption>Experimentos presentes no laborat\u00f3rio de F\u00edsica e Vibra\u00e7\u00f5es<\/figcaption><\/figure>\n\n\n\n<figure class=\"wp-block-image\"><img loading=\"lazy\" decoding=\"async\" width=\"1024\" height=\"724\" src=\"http:\/\/engmec.ibiruba.ifrs.edu.br\/wp-content\/uploads\/2023\/07\/F\u00edsica-e-Vibra\u00e7\u00f5es-1024x724.jpg\" alt=\"\" class=\"wp-image-1805\" srcset=\"https:\/\/engmec.ibiruba.ifrs.edu.br\/wp-content\/uploads\/2023\/07\/F\u00edsica-e-Vibra\u00e7\u00f5es-1024x724.jpg 1024w, https:\/\/engmec.ibiruba.ifrs.edu.br\/wp-content\/uploads\/2023\/07\/F\u00edsica-e-Vibra\u00e7\u00f5es-300x212.jpg 300w, https:\/\/engmec.ibiruba.ifrs.edu.br\/wp-content\/uploads\/2023\/07\/F\u00edsica-e-Vibra\u00e7\u00f5es-768x543.jpg 768w, https:\/\/engmec.ibiruba.ifrs.edu.br\/wp-content\/uploads\/2023\/07\/F\u00edsica-e-Vibra\u00e7\u00f5es.jpg 1755w\" sizes=\"auto, (max-width: 1024px) 100vw, 1024px\" \/><figcaption>Mapa de Riscos do laborat\u00f3rio de F\u00edsica e Vibra\u00e7\u00f5es<\/figcaption><\/figure>\n\n\n\n<figure class=\"wp-block-image\"><img loading=\"lazy\" decoding=\"async\" width=\"723\" height=\"1024\" src=\"http:\/\/engmec.ibiruba.ifrs.edu.br\/wp-content\/uploads\/2023\/07\/F\u00edsica-723x1024.jpg\" alt=\"\" class=\"wp-image-1806\" srcset=\"https:\/\/engmec.ibiruba.ifrs.edu.br\/wp-content\/uploads\/2023\/07\/F\u00edsica-723x1024.jpg 723w, https:\/\/engmec.ibiruba.ifrs.edu.br\/wp-content\/uploads\/2023\/07\/F\u00edsica-212x300.jpg 212w, https:\/\/engmec.ibiruba.ifrs.edu.br\/wp-content\/uploads\/2023\/07\/F\u00edsica-768x1088.jpg 768w, https:\/\/engmec.ibiruba.ifrs.edu.br\/wp-content\/uploads\/2023\/07\/F\u00edsica.jpg 1240w\" sizes=\"auto, (max-width: 723px) 100vw, 723px\" \/><figcaption> Plano de Manuten\u00e7\u00e3o do laborat\u00f3rio de F\u00edsica e Vibra\u00e7\u00f5es<\/figcaption><\/figure>\n\n\n\n<figure class=\"wp-block-image\"><img loading=\"lazy\" decoding=\"async\" width=\"1024\" height=\"723\" src=\"http:\/\/engmec.ibiruba.ifrs.edu.br\/wp-content\/uploads\/2023\/07\/f\u00edsica_page-0001-1024x723.jpg\" alt=\"\" class=\"wp-image-1857\" srcset=\"https:\/\/engmec.ibiruba.ifrs.edu.br\/wp-content\/uploads\/2023\/07\/f\u00edsica_page-0001-1024x723.jpg 1024w, https:\/\/engmec.ibiruba.ifrs.edu.br\/wp-content\/uploads\/2023\/07\/f\u00edsica_page-0001-300x212.jpg 300w, https:\/\/engmec.ibiruba.ifrs.edu.br\/wp-content\/uploads\/2023\/07\/f\u00edsica_page-0001-768x542.jpg 768w, https:\/\/engmec.ibiruba.ifrs.edu.br\/wp-content\/uploads\/2023\/07\/f\u00edsica_page-0001.jpg 1756w\" sizes=\"auto, (max-width: 1024px) 100vw, 1024px\" \/><\/figure>\n","protected":false},"excerpt":{"rendered":"<p>O laborat\u00f3rio de F\u00edsica e Vibra\u00e7\u00f5es possui equipamentos para a realiza\u00e7\u00e3o de atividades pr\u00e1ticas. A \u00eanfase \u00e9 realizar atividades pr\u00e1ticas com grupos de alunos ou atividades extraclasse onde ocorre o planejamento, constru\u00e7\u00e3o de equipamentos novos e coleta de dados. Esse trabalho culmina com a apresenta\u00e7\u00e3o e discuss\u00e3o dos resultados em semin\u00e1rios programados no plano de [&hellip;]<\/p>\n","protected":false},"author":11,"featured_media":0,"parent":0,"menu_order":0,"comment_status":"closed","ping_status":"closed","template":"","meta":{"footnotes":""},"class_list":["post-1574","page","type-page","status-publish","hentry"],"_links":{"self":[{"href":"https:\/\/engmec.ibiruba.ifrs.edu.br\/index.php\/wp-json\/wp\/v2\/pages\/1574","targetHints":{"allow":["GET"]}}],"collection":[{"href":"https:\/\/engmec.ibiruba.ifrs.edu.br\/index.php\/wp-json\/wp\/v2\/pages"}],"about":[{"href":"https:\/\/engmec.ibiruba.ifrs.edu.br\/index.php\/wp-json\/wp\/v2\/types\/page"}],"author":[{"embeddable":true,"href":"https:\/\/engmec.ibiruba.ifrs.edu.br\/index.php\/wp-json\/wp\/v2\/users\/11"}],"replies":[{"embeddable":true,"href":"https:\/\/engmec.ibiruba.ifrs.edu.br\/index.php\/wp-json\/wp\/v2\/comments?post=1574"}],"version-history":[{"count":9,"href":"https:\/\/engmec.ibiruba.ifrs.edu.br\/index.php\/wp-json\/wp\/v2\/pages\/1574\/revisions"}],"predecessor-version":[{"id":1858,"href":"https:\/\/engmec.ibiruba.ifrs.edu.br\/index.php\/wp-json\/wp\/v2\/pages\/1574\/revisions\/1858"}],"wp:attachment":[{"href":"https:\/\/engmec.ibiruba.ifrs.edu.br\/index.php\/wp-json\/wp\/v2\/media?parent=1574"}],"curies":[{"name":"wp","href":"https:\/\/api.w.org\/{rel}","templated":true}]}}