{"id":1568,"date":"2023-02-02T19:35:53","date_gmt":"2023-02-02T21:35:53","guid":{"rendered":"http:\/\/engmec.ibiruba.ifrs.edu.br\/?page_id=1568"},"modified":"2023-08-04T15:02:59","modified_gmt":"2023-08-04T18:02:59","slug":"automacao","status":"publish","type":"page","link":"https:\/\/engmec.ibiruba.ifrs.edu.br\/index.php\/automacao\/","title":{"rendered":"M\u00e1quinas El\u00e9tricas e Acionamentos"},"content":{"rendered":"\n<p>No Laborat\u00f3rio de M\u00e1quinas El\u00e9tricas s\u00e3o desenvolvidas as aulas pr\u00e1ticas relativas ao acionamento, prote\u00e7\u00e3o e aplica\u00e7\u00e3o das m\u00e1quinas el\u00e9tricas de corrente cont\u00ednua e alternada.<\/p>\n\n\n\n<p>Recursos did\u00e1ticos: instrumentos de medi\u00e7\u00e3o de corrente, tens\u00e3o e pot\u00eancia el\u00e9trica; motores de corrente alternada e corrente cont\u00ednua; medidores de rota\u00e7\u00e3o; fontes de energia em corrente alternada e cont\u00ednua; ferramentas em geral.<\/p>\n\n\n\n<p> O laborat\u00f3rio de M\u00e1quinas El\u00e9tricas \u00e9 ligado diretamente com o laborat\u00f3rio de Automa\u00e7\u00e3o pela possibilidade de trabalho em conjunto utilizando os recursos de ambos os ambientes. <br><\/p>\n\n\n\n<figure class=\"wp-block-image\"><img loading=\"lazy\" decoding=\"async\" width=\"1024\" height=\"768\" src=\"http:\/\/engmec.ibiruba.ifrs.edu.br\/wp-content\/uploads\/2023\/02\/WhatsApp-Image-2023-01-31-at-09.05.42-1024x768.jpeg\" alt=\"\" class=\"wp-image-1612\" srcset=\"https:\/\/engmec.ibiruba.ifrs.edu.br\/wp-content\/uploads\/2023\/02\/WhatsApp-Image-2023-01-31-at-09.05.42-1024x768.jpeg 1024w, https:\/\/engmec.ibiruba.ifrs.edu.br\/wp-content\/uploads\/2023\/02\/WhatsApp-Image-2023-01-31-at-09.05.42-300x225.jpeg 300w, https:\/\/engmec.ibiruba.ifrs.edu.br\/wp-content\/uploads\/2023\/02\/WhatsApp-Image-2023-01-31-at-09.05.42-768x576.jpeg 768w, https:\/\/engmec.ibiruba.ifrs.edu.br\/wp-content\/uploads\/2023\/02\/WhatsApp-Image-2023-01-31-at-09.05.42.jpeg 1600w\" sizes=\"auto, (max-width: 1024px) 100vw, 1024px\" \/><figcaption>Bancadas El\u00e9tricas para experimentos dispon\u00edveis no laborat\u00f3rio<\/figcaption><\/figure>\n\n\n\n<figure class=\"wp-block-image\"><img loading=\"lazy\" decoding=\"async\" width=\"1024\" height=\"724\" src=\"http:\/\/engmec.ibiruba.ifrs.edu.br\/wp-content\/uploads\/2023\/07\/Acionamentos-e-Automa\u00e7\u00e3o-1-1024x724.jpg\" alt=\"\" class=\"wp-image-1815\" srcset=\"https:\/\/engmec.ibiruba.ifrs.edu.br\/wp-content\/uploads\/2023\/07\/Acionamentos-e-Automa\u00e7\u00e3o-1-1024x724.jpg 1024w, https:\/\/engmec.ibiruba.ifrs.edu.br\/wp-content\/uploads\/2023\/07\/Acionamentos-e-Automa\u00e7\u00e3o-1-300x212.jpg 300w, https:\/\/engmec.ibiruba.ifrs.edu.br\/wp-content\/uploads\/2023\/07\/Acionamentos-e-Automa\u00e7\u00e3o-1-768x543.jpg 768w, https:\/\/engmec.ibiruba.ifrs.edu.br\/wp-content\/uploads\/2023\/07\/Acionamentos-e-Automa\u00e7\u00e3o-1.jpg 1755w\" sizes=\"auto, (max-width: 1024px) 100vw, 1024px\" \/><figcaption> Plano de Manuten\u00e7\u00e3o do laborat\u00f3rio de M\u00e1quinas El\u00e9tricas e Acionamentos<\/figcaption><\/figure>\n\n\n\n<figure class=\"wp-block-image\"><img loading=\"lazy\" decoding=\"async\" width=\"723\" height=\"1024\" src=\"http:\/\/engmec.ibiruba.ifrs.edu.br\/wp-content\/uploads\/2023\/07\/Automa\u00e7\u00e3o-1-723x1024.jpg\" alt=\"\" class=\"wp-image-1817\" srcset=\"https:\/\/engmec.ibiruba.ifrs.edu.br\/wp-content\/uploads\/2023\/07\/Automa\u00e7\u00e3o-1-723x1024.jpg 723w, https:\/\/engmec.ibiruba.ifrs.edu.br\/wp-content\/uploads\/2023\/07\/Automa\u00e7\u00e3o-1-212x300.jpg 212w, https:\/\/engmec.ibiruba.ifrs.edu.br\/wp-content\/uploads\/2023\/07\/Automa\u00e7\u00e3o-1-768x1088.jpg 768w, https:\/\/engmec.ibiruba.ifrs.edu.br\/wp-content\/uploads\/2023\/07\/Automa\u00e7\u00e3o-1.jpg 1240w\" sizes=\"auto, (max-width: 723px) 100vw, 723px\" \/><figcaption> Plano de Manuten\u00e7\u00e3o do laborat\u00f3rio de M\u00e1quinas El\u00e9tricas e Acionamentos<\/figcaption><\/figure>\n\n\n\n<figure class=\"wp-block-image\"><img loading=\"lazy\" decoding=\"async\" width=\"1024\" height=\"723\" src=\"http:\/\/engmec.ibiruba.ifrs.edu.br\/wp-content\/uploads\/2023\/07\/automa\u00e7\u00e3o_page-0001-1-1024x723.jpg\" alt=\"\" class=\"wp-image-1849\" srcset=\"https:\/\/engmec.ibiruba.ifrs.edu.br\/wp-content\/uploads\/2023\/07\/automa\u00e7\u00e3o_page-0001-1-1024x723.jpg 1024w, https:\/\/engmec.ibiruba.ifrs.edu.br\/wp-content\/uploads\/2023\/07\/automa\u00e7\u00e3o_page-0001-1-300x212.jpg 300w, https:\/\/engmec.ibiruba.ifrs.edu.br\/wp-content\/uploads\/2023\/07\/automa\u00e7\u00e3o_page-0001-1-768x542.jpg 768w, https:\/\/engmec.ibiruba.ifrs.edu.br\/wp-content\/uploads\/2023\/07\/automa\u00e7\u00e3o_page-0001-1.jpg 1756w\" sizes=\"auto, (max-width: 1024px) 100vw, 1024px\" \/><\/figure>\n","protected":false},"excerpt":{"rendered":"<p>No Laborat\u00f3rio de M\u00e1quinas El\u00e9tricas s\u00e3o desenvolvidas as aulas pr\u00e1ticas relativas ao acionamento, prote\u00e7\u00e3o e aplica\u00e7\u00e3o das m\u00e1quinas el\u00e9tricas de corrente cont\u00ednua e alternada. Recursos did\u00e1ticos: instrumentos de medi\u00e7\u00e3o de corrente, tens\u00e3o e pot\u00eancia el\u00e9trica; motores de corrente alternada e corrente cont\u00ednua; medidores de rota\u00e7\u00e3o; fontes de energia em corrente alternada e cont\u00ednua; ferramentas em [&hellip;]<\/p>\n","protected":false},"author":11,"featured_media":0,"parent":0,"menu_order":0,"comment_status":"closed","ping_status":"closed","template":"","meta":{"footnotes":""},"class_list":["post-1568","page","type-page","status-publish","hentry"],"_links":{"self":[{"href":"https:\/\/engmec.ibiruba.ifrs.edu.br\/index.php\/wp-json\/wp\/v2\/pages\/1568","targetHints":{"allow":["GET"]}}],"collection":[{"href":"https:\/\/engmec.ibiruba.ifrs.edu.br\/index.php\/wp-json\/wp\/v2\/pages"}],"about":[{"href":"https:\/\/engmec.ibiruba.ifrs.edu.br\/index.php\/wp-json\/wp\/v2\/types\/page"}],"author":[{"embeddable":true,"href":"https:\/\/engmec.ibiruba.ifrs.edu.br\/index.php\/wp-json\/wp\/v2\/users\/11"}],"replies":[{"embeddable":true,"href":"https:\/\/engmec.ibiruba.ifrs.edu.br\/index.php\/wp-json\/wp\/v2\/comments?post=1568"}],"version-history":[{"count":12,"href":"https:\/\/engmec.ibiruba.ifrs.edu.br\/index.php\/wp-json\/wp\/v2\/pages\/1568\/revisions"}],"predecessor-version":[{"id":1896,"href":"https:\/\/engmec.ibiruba.ifrs.edu.br\/index.php\/wp-json\/wp\/v2\/pages\/1568\/revisions\/1896"}],"wp:attachment":[{"href":"https:\/\/engmec.ibiruba.ifrs.edu.br\/index.php\/wp-json\/wp\/v2\/media?parent=1568"}],"curies":[{"name":"wp","href":"https:\/\/api.w.org\/{rel}","templated":true}]}}