{"id":1567,"date":"2023-02-02T19:35:53","date_gmt":"2023-02-02T21:35:53","guid":{"rendered":"http:\/\/engmec.ibiruba.ifrs.edu.br\/?page_id=1567"},"modified":"2023-08-04T15:05:25","modified_gmt":"2023-08-04T18:05:25","slug":"tratamentos-termicos-e-fundicao","status":"publish","type":"page","link":"https:\/\/engmec.ibiruba.ifrs.edu.br\/index.php\/tratamentos-termicos-e-fundicao\/","title":{"rendered":"Processos Metal\u00fargicos"},"content":{"rendered":"\n<p>O Laborat\u00f3rio engloba os processos de Conforma\u00e7\u00e3o Mec\u00e2nica, Fundi\u00e7\u00e3o e Tratamentos T\u00e9rmicos e tem por finalidade proporcionar aulas pr\u00e1ticas demonstrativas. Usualmente, utiliza-se o mesmo em conjunto com o Laborat\u00f3rio de Ensaios para posterior an\u00e1lise dos resultados. A maior parte dos seus equipamentos foi constru\u00edda a partir de projetos de ensino pelos pr\u00f3prios alunos orientados pelos docentes. <\/p>\n\n\n\n<p>O laborat\u00f3rio de Processos Metal\u00fargicos compartilha um espa\u00e7o amplo com o laborat\u00f3rio de Soldagem.<\/p>\n\n\n\n<figure class=\"wp-block-image\"><img loading=\"lazy\" decoding=\"async\" width=\"1024\" height=\"724\" src=\"http:\/\/engmec.ibiruba.ifrs.edu.br\/wp-content\/uploads\/2023\/07\/soldagem-e-tratamento-t\u00e9rmico-1024x724.jpg\" alt=\"\" class=\"wp-image-1825\" srcset=\"https:\/\/engmec.ibiruba.ifrs.edu.br\/wp-content\/uploads\/2023\/07\/soldagem-e-tratamento-t\u00e9rmico-1024x724.jpg 1024w, https:\/\/engmec.ibiruba.ifrs.edu.br\/wp-content\/uploads\/2023\/07\/soldagem-e-tratamento-t\u00e9rmico-300x212.jpg 300w, https:\/\/engmec.ibiruba.ifrs.edu.br\/wp-content\/uploads\/2023\/07\/soldagem-e-tratamento-t\u00e9rmico-768x543.jpg 768w, https:\/\/engmec.ibiruba.ifrs.edu.br\/wp-content\/uploads\/2023\/07\/soldagem-e-tratamento-t\u00e9rmico.jpg 1755w\" sizes=\"auto, (max-width: 1024px) 100vw, 1024px\" \/><figcaption>Mapa de Riscos do laborat\u00f3rio de Processos Metal\u00fargicos<\/figcaption><\/figure>\n\n\n\n<figure class=\"wp-block-image\"><img loading=\"lazy\" decoding=\"async\" width=\"723\" height=\"1024\" src=\"http:\/\/engmec.ibiruba.ifrs.edu.br\/wp-content\/uploads\/2023\/07\/Processos-723x1024.jpg\" alt=\"\" class=\"wp-image-1826\" srcset=\"https:\/\/engmec.ibiruba.ifrs.edu.br\/wp-content\/uploads\/2023\/07\/Processos-723x1024.jpg 723w, https:\/\/engmec.ibiruba.ifrs.edu.br\/wp-content\/uploads\/2023\/07\/Processos-212x300.jpg 212w, https:\/\/engmec.ibiruba.ifrs.edu.br\/wp-content\/uploads\/2023\/07\/Processos-768x1088.jpg 768w, https:\/\/engmec.ibiruba.ifrs.edu.br\/wp-content\/uploads\/2023\/07\/Processos.jpg 1240w\" sizes=\"auto, (max-width: 723px) 100vw, 723px\" \/><figcaption> Plano de Manuten\u00e7\u00e3o do laborat\u00f3rio de Processos Metal\u00fargicos<\/figcaption><\/figure>\n\n\n\n<figure class=\"wp-block-image\"><img loading=\"lazy\" decoding=\"async\" width=\"1024\" height=\"723\" src=\"http:\/\/engmec.ibiruba.ifrs.edu.br\/wp-content\/uploads\/2023\/07\/processos-meta_page-0001-1024x723.jpg\" alt=\"\" class=\"wp-image-1869\" srcset=\"https:\/\/engmec.ibiruba.ifrs.edu.br\/wp-content\/uploads\/2023\/07\/processos-meta_page-0001-1024x723.jpg 1024w, https:\/\/engmec.ibiruba.ifrs.edu.br\/wp-content\/uploads\/2023\/07\/processos-meta_page-0001-300x212.jpg 300w, https:\/\/engmec.ibiruba.ifrs.edu.br\/wp-content\/uploads\/2023\/07\/processos-meta_page-0001-768x542.jpg 768w, https:\/\/engmec.ibiruba.ifrs.edu.br\/wp-content\/uploads\/2023\/07\/processos-meta_page-0001.jpg 1756w\" sizes=\"auto, (max-width: 1024px) 100vw, 1024px\" \/><\/figure>\n","protected":false},"excerpt":{"rendered":"<p>O Laborat\u00f3rio engloba os processos de Conforma\u00e7\u00e3o Mec\u00e2nica, Fundi\u00e7\u00e3o e Tratamentos T\u00e9rmicos e tem por finalidade proporcionar aulas pr\u00e1ticas demonstrativas. Usualmente, utiliza-se o mesmo em conjunto com o Laborat\u00f3rio de Ensaios para posterior an\u00e1lise dos resultados. A maior parte dos seus equipamentos foi constru\u00edda a partir de projetos de ensino pelos pr\u00f3prios alunos orientados pelos [&hellip;]<\/p>\n","protected":false},"author":11,"featured_media":0,"parent":0,"menu_order":0,"comment_status":"closed","ping_status":"closed","template":"","meta":{"footnotes":""},"class_list":["post-1567","page","type-page","status-publish","hentry"],"_links":{"self":[{"href":"https:\/\/engmec.ibiruba.ifrs.edu.br\/index.php\/wp-json\/wp\/v2\/pages\/1567","targetHints":{"allow":["GET"]}}],"collection":[{"href":"https:\/\/engmec.ibiruba.ifrs.edu.br\/index.php\/wp-json\/wp\/v2\/pages"}],"about":[{"href":"https:\/\/engmec.ibiruba.ifrs.edu.br\/index.php\/wp-json\/wp\/v2\/types\/page"}],"author":[{"embeddable":true,"href":"https:\/\/engmec.ibiruba.ifrs.edu.br\/index.php\/wp-json\/wp\/v2\/users\/11"}],"replies":[{"embeddable":true,"href":"https:\/\/engmec.ibiruba.ifrs.edu.br\/index.php\/wp-json\/wp\/v2\/comments?post=1567"}],"version-history":[{"count":8,"href":"https:\/\/engmec.ibiruba.ifrs.edu.br\/index.php\/wp-json\/wp\/v2\/pages\/1567\/revisions"}],"predecessor-version":[{"id":1898,"href":"https:\/\/engmec.ibiruba.ifrs.edu.br\/index.php\/wp-json\/wp\/v2\/pages\/1567\/revisions\/1898"}],"wp:attachment":[{"href":"https:\/\/engmec.ibiruba.ifrs.edu.br\/index.php\/wp-json\/wp\/v2\/media?parent=1567"}],"curies":[{"name":"wp","href":"https:\/\/api.w.org\/{rel}","templated":true}]}}