{"id":1563,"date":"2023-02-02T19:32:58","date_gmt":"2023-02-02T21:32:58","guid":{"rendered":"http:\/\/engmec.ibiruba.ifrs.edu.br\/?page_id=1563"},"modified":"2025-06-02T15:59:16","modified_gmt":"2025-06-02T18:59:16","slug":"ensaio-de-fadiga-por-flexao-rotativa","status":"publish","type":"page","link":"https:\/\/engmec.ibiruba.ifrs.edu.br\/index.php\/ensaio-de-fadiga-por-flexao-rotativa\/","title":{"rendered":"M\u00e1quina de Fadiga de Metais por Flex\u00e3o Rotativa"},"content":{"rendered":"\n<p>Hist\u00f3rico<\/p>\n\n\n\n<p>A constru\u00e7\u00e3o da m\u00e1quina de fadiga teve seu projeto\niniciado no Campus Rio Grande pelo Professor Ad\u00e3o Felipe Oliveira Skonieski\nonde o primeiro conceito foi concebido. Paralelamente, no campus Ibirub\u00e1 o\nProfessor Vitor Hugo Machado da Silveira conseguiu por meio de Projeto de\nPesquisa os recursos financeiros necess\u00e1rios para a aquisi\u00e7\u00e3o de componentes\nimportantes para a m\u00e1quina, como por exemplo, o motor.<\/p>\n\n\n\n<p>No entanto, foi na disciplina de Gerenciamento de Projetos\nministrada pelo Professor Ad\u00e3o e durante o trabalho de Conclus\u00e3o de Curso do\nAluno Wolmei Borghardt que o equipamento foi finalizado, utilizando-se conceitos\nelencados de Mec\u00e2nica Geral e Mec\u00e2nica dos S\u00f3lidos. Seu princ\u00edpio est\u00e1\nrelacionado com as m\u00e1ximas tens\u00f5es de tra\u00e7\u00e3o geradas na superf\u00edcie de corpos de\nprova a partir de pesos que imp\u00f5e momentos fletores calculados previamente. Uma\nvez que ocorre a rota\u00e7\u00e3o do corpo de prova as tens\u00f5es trativas e compressivas\ns\u00e3o alternadas constantemente sendo que, a cada rota\u00e7\u00e3o, tem-se um ciclo de\nfadiga. Atrav\u00e9s de v\u00e1rios ensaios para uma mesma condi\u00e7\u00e3o, conta-se as\nquantidades de ciclos relacionadas as tens\u00f5es trativas, permitindo-se a\nconstru\u00e7\u00e3o do diagrama de W\u00f6hler do material. <\/p>\n\n\n\n<ul class=\"wp-block-gallery columns-1 is-cropped wp-block-gallery-1 is-layout-flex wp-block-gallery-is-layout-flex\"><li class=\"blocks-gallery-item\"><figure><img loading=\"lazy\" decoding=\"async\" width=\"1024\" height=\"769\" src=\"http:\/\/engmec.ibiruba.ifrs.edu.br\/wp-content\/uploads\/2025\/06\/PXL_20250529_174019725-1-1024x769.jpg\" alt=\"\" data-id=\"2068\" data-link=\"http:\/\/engmec.ibiruba.ifrs.edu.br\/index.php\/ensaio-de-fadiga-por-flexao-rotativa\/pxl_20250529_174019725-1\/\" class=\"wp-image-2068\" srcset=\"https:\/\/engmec.ibiruba.ifrs.edu.br\/wp-content\/uploads\/2025\/06\/PXL_20250529_174019725-1-1024x769.jpg 1024w, https:\/\/engmec.ibiruba.ifrs.edu.br\/wp-content\/uploads\/2025\/06\/PXL_20250529_174019725-1-300x225.jpg 300w, https:\/\/engmec.ibiruba.ifrs.edu.br\/wp-content\/uploads\/2025\/06\/PXL_20250529_174019725-1-768x577.jpg 768w\" sizes=\"auto, (max-width: 1024px) 100vw, 1024px\" \/><\/figure><\/li><\/ul>\n\n\n\n<ul class=\"wp-block-gallery columns-0 is-cropped wp-block-gallery-2 is-layout-flex wp-block-gallery-is-layout-flex\"><\/ul>\n\n\n\n<div class=\"wp-block-file\"><a href=\"http:\/\/engmec.ibiruba.ifrs.edu.br\/wp-content\/uploads\/2025\/04\/VID-20250128-WA0010.mp4\">VID-20250128-WA0010<\/a><a href=\"http:\/\/engmec.ibiruba.ifrs.edu.br\/wp-content\/uploads\/2025\/04\/VID-20250128-WA0010.mp4\" class=\"wp-block-file__button\" download>Baixar<\/a><\/div>\n","protected":false},"excerpt":{"rendered":"<p>Hist\u00f3rico A constru\u00e7\u00e3o da m\u00e1quina de fadiga teve seu projeto iniciado no Campus Rio Grande pelo Professor Ad\u00e3o Felipe Oliveira Skonieski onde o primeiro conceito foi concebido. Paralelamente, no campus Ibirub\u00e1 o Professor Vitor Hugo Machado da Silveira conseguiu por meio de Projeto de Pesquisa os recursos financeiros necess\u00e1rios para a aquisi\u00e7\u00e3o de componentes importantes [&hellip;]<\/p>\n","protected":false},"author":11,"featured_media":2052,"parent":0,"menu_order":0,"comment_status":"closed","ping_status":"closed","template":"","meta":{"footnotes":""},"class_list":["post-1563","page","type-page","status-publish","has-post-thumbnail","hentry"],"_links":{"self":[{"href":"https:\/\/engmec.ibiruba.ifrs.edu.br\/index.php\/wp-json\/wp\/v2\/pages\/1563","targetHints":{"allow":["GET"]}}],"collection":[{"href":"https:\/\/engmec.ibiruba.ifrs.edu.br\/index.php\/wp-json\/wp\/v2\/pages"}],"about":[{"href":"https:\/\/engmec.ibiruba.ifrs.edu.br\/index.php\/wp-json\/wp\/v2\/types\/page"}],"author":[{"embeddable":true,"href":"https:\/\/engmec.ibiruba.ifrs.edu.br\/index.php\/wp-json\/wp\/v2\/users\/11"}],"replies":[{"embeddable":true,"href":"https:\/\/engmec.ibiruba.ifrs.edu.br\/index.php\/wp-json\/wp\/v2\/comments?post=1563"}],"version-history":[{"count":7,"href":"https:\/\/engmec.ibiruba.ifrs.edu.br\/index.php\/wp-json\/wp\/v2\/pages\/1563\/revisions"}],"predecessor-version":[{"id":2070,"href":"https:\/\/engmec.ibiruba.ifrs.edu.br\/index.php\/wp-json\/wp\/v2\/pages\/1563\/revisions\/2070"}],"wp:featuredmedia":[{"embeddable":true,"href":"https:\/\/engmec.ibiruba.ifrs.edu.br\/index.php\/wp-json\/wp\/v2\/media\/2052"}],"wp:attachment":[{"href":"https:\/\/engmec.ibiruba.ifrs.edu.br\/index.php\/wp-json\/wp\/v2\/media?parent=1563"}],"curies":[{"name":"wp","href":"https:\/\/api.w.org\/{rel}","templated":true}]}}