{"id":133,"date":"2018-12-05T17:11:59","date_gmt":"2018-12-05T19:11:59","guid":{"rendered":"http:\/\/192.168.56.3\/engmecanica\/?page_id=133"},"modified":"2023-01-31T11:16:29","modified_gmt":"2023-01-31T13:16:29","slug":"sobre-o-curso","status":"publish","type":"page","link":"https:\/\/engmec.ibiruba.ifrs.edu.br\/index.php\/sobre-o-curso\/","title":{"rendered":"Sobre o Curso"},"content":{"rendered":"<p><strong>Dura\u00e7\u00e3o<\/strong>: 5 anos<br \/><strong>Turno<\/strong>: Integral com disciplinas concentradas no turno da noite<\/p>\n<p>O curso habilita para trabalhar em ind\u00fastrias de base bem como ind\u00fastrias de produtos voltados ao consumidor, na produ\u00e7\u00e3o de ve\u00edculos, no setor de instala\u00e7\u00f5es em ind\u00fastrias que produzem m\u00e1quinas e equipamentos, em centros de pesquisa, entre outros.<\/p>\n<p>A gest\u00e3o do curso \u00e9 realizada pelo coordenador do Curso, juntamente com o N\u00facleo Docente Estruturante (NDE) e o Colegiado do curso.<\/p>\n<p>Coordenador do Curso: Professor Dr. Ad\u00e3o Felipe Oliveira Skonieski<\/p>\n<p>Contato: <a href=\"mailto:teceletrotecnica@ibiruba.ifrs.edu.br\">engmecanica@ibiruba.ifrs.edu.br<\/a><\/p>\n<p>Telefone: (54) 3324-8116<\/p>\n<p><a href=\"https:\/\/ibiruba.ifrs.edu.br\/site\/midias\/arquivos\/201791991957552ppc_-_engenharia_mecanica_(1).pdf\">Clique aqui para acessar o Projeto Pedag\u00f3gico do Curso (PPC)<\/a><\/p>\n<p>Informa\u00e7\u00f5es sobre processo seletivo: <a href=\"https:\/\/ingresso.ifrs.edu.br\/\" target=\"_blank\" rel=\"noopener noreferrer\">https:\/\/ingresso.ifrs.edu.br\/<\/a><\/p>\n\n\n<hr class=\"wp-block-separator\"\/>\n\n\n\n<h2 class=\"wp-block-heading\">N\u00facleo Docente Estruturante (NDE)<\/h2>\n\n\n\n<p> O N\u00facleo Docente Estruturante (NDE) \u00e9 um \u00f3rg\u00e3o consultivo, vinculado ao Colegiado do Curso que tem por finalidade acompanhar e atuar no processo de concep\u00e7\u00e3o, consolida\u00e7\u00e3o e cont\u00ednua atualiza\u00e7\u00e3o do projeto pedag\u00f3gico do curso, observando-se as pol\u00edticas e normas do IFRS.  <\/p>\n\n\n\n<p><a href=\"http:\/\/engmec.ibiruba.ifrs.edu.br\/wp-content\/uploads\/2019\/09\/Portaria-168-2019.pdf\">Portaria de nomea\u00e7\u00e3o do NDE<\/a><\/p>\n\n\n\n<p><a href=\"http:\/\/engmec.ibiruba.ifrs.edu.br\/wp-content\/uploads\/2019\/09\/Regulamento-N\u00facleo-Docente-Estruturante.pdf\">Regulamento do NDE<\/a><\/p>\n\n\n\n<hr class=\"wp-block-separator\"\/>\n\n\n\n<h2 class=\"wp-block-heading\">Colegiado do Curso<\/h2>\n\n\n\n<p> O colegiado de Curso de Gradua\u00e7\u00e3o \u00e9 um \u00f3rg\u00e3o normativo e consultivo de cada curso que tem por finalidade acompanhar a implementa\u00e7\u00e3o do projeto pedag\u00f3gico, avaliar altera\u00e7\u00f5es dos curr\u00edculos plenos, discutir temas ligados ao curso, planejar e avaliar as atividades acad\u00eamicas do curso, observando-se pol\u00edticas e normas do IFRS.  <\/p>\n\n\n\n<p><a href=\"http:\/\/engmec.ibiruba.ifrs.edu.br\/wp-content\/uploads\/2019\/09\/Portaria-065-2017.pdf\">Portaria de nomea\u00e7\u00e3o do Colegiado do Curso<\/a><\/p>\n\n\n\n<p><a href=\"http:\/\/engmec.ibiruba.ifrs.edu.br\/wp-content\/uploads\/2019\/09\/Regulamento-do-Colegiado-do-Curso.pdf\">Regulamento do Colegiado do Curso<\/a><\/p>\n\n\n\n<hr class=\"wp-block-separator\"\/>\n\n\n\n<h2 class=\"wp-block-heading\">Plano de a\u00e7\u00e3o<\/h2>\n\n\n\n<p><a href=\"http:\/\/engmec.ibiruba.ifrs.edu.br\/wp-content\/uploads\/2019\/09\/Metas.pdf\">Clique aqui para acessar o plano de a\u00e7\u00e3o da coordena\u00e7\u00e3o do curso para os anos de 2019 e 2020<\/a><\/p>\n\n\n\n<p><a href=\"http:\/\/engmec.ibiruba.ifrs.edu.br\/wp-content\/uploads\/2019\/09\/PA-2020_-Eng.-Mec\u00e2nica.pdf\">Clique aqui para acessar o plano de a\u00e7\u00e3o do curso de Engenharia Mec\u00e2nica para o ano de 2020<\/a><\/p>\n\n\n\n<hr class=\"wp-block-separator\"\/>\n\n\n\n<h2 class=\"wp-block-heading\">Grupos de Pesquisa &#8211; CNPQ<\/h2>\n\n\n\n<p>Os pesquisadores do curso disp\u00f5e de dois grupos de pesquisa para o cadastro de desenvolvimento de projetos.<\/p>\n\n\n\n<ul class=\"wp-block-list\"><li><a href=\"http:\/\/dgp.cnpq.br\/dgp\/espelhogrupo\/54265#identificacao\">Grupo de Pesquisa Mec\u00e2nica &#8211; El\u00e9trica Alto Jacu\u00ed<\/a><\/li><li><a href=\"http:\/\/dgp.cnpq.br\/dgp\/espelhogrupo\/64648#identificacao\">Inova\u00e7\u00e3o e Desenvolvimento de Equipamentos e Instala\u00e7\u00f5es Agropecu\u00e1rias (IDEIA) &#8211; Alto Jacu\u00ed<\/a><\/li><\/ul>\n\n\n\n<p><\/p>\n","protected":false},"excerpt":{"rendered":"<p>Dura\u00e7\u00e3o: 5 anosTurno: Integral com disciplinas concentradas no turno da noite O curso habilita para trabalhar em ind\u00fastrias de base bem como ind\u00fastrias de produtos voltados ao consumidor, na produ\u00e7\u00e3o de ve\u00edculos, no setor de instala\u00e7\u00f5es em ind\u00fastrias que produzem m\u00e1quinas e equipamentos, em centros de pesquisa, entre outros. A gest\u00e3o do curso \u00e9 realizada [&hellip;]<\/p>\n","protected":false},"author":4,"featured_media":128,"parent":0,"menu_order":0,"comment_status":"closed","ping_status":"closed","template":"","meta":{"footnotes":""},"class_list":["post-133","page","type-page","status-publish","has-post-thumbnail","hentry"],"_links":{"self":[{"href":"https:\/\/engmec.ibiruba.ifrs.edu.br\/index.php\/wp-json\/wp\/v2\/pages\/133","targetHints":{"allow":["GET"]}}],"collection":[{"href":"https:\/\/engmec.ibiruba.ifrs.edu.br\/index.php\/wp-json\/wp\/v2\/pages"}],"about":[{"href":"https:\/\/engmec.ibiruba.ifrs.edu.br\/index.php\/wp-json\/wp\/v2\/types\/page"}],"author":[{"embeddable":true,"href":"https:\/\/engmec.ibiruba.ifrs.edu.br\/index.php\/wp-json\/wp\/v2\/users\/4"}],"replies":[{"embeddable":true,"href":"https:\/\/engmec.ibiruba.ifrs.edu.br\/index.php\/wp-json\/wp\/v2\/comments?post=133"}],"version-history":[{"count":30,"href":"https:\/\/engmec.ibiruba.ifrs.edu.br\/index.php\/wp-json\/wp\/v2\/pages\/133\/revisions"}],"predecessor-version":[{"id":1485,"href":"https:\/\/engmec.ibiruba.ifrs.edu.br\/index.php\/wp-json\/wp\/v2\/pages\/133\/revisions\/1485"}],"wp:featuredmedia":[{"embeddable":true,"href":"https:\/\/engmec.ibiruba.ifrs.edu.br\/index.php\/wp-json\/wp\/v2\/media\/128"}],"wp:attachment":[{"href":"https:\/\/engmec.ibiruba.ifrs.edu.br\/index.php\/wp-json\/wp\/v2\/media?parent=133"}],"curies":[{"name":"wp","href":"https:\/\/api.w.org\/{rel}","templated":true}]}}