{"id":1171,"date":"2019-08-16T21:04:22","date_gmt":"2019-08-17T00:04:22","guid":{"rendered":"http:\/\/engmec.ibiruba.ifrs.edu.br\/?page_id=1171"},"modified":"2025-04-15T16:35:02","modified_gmt":"2025-04-15T19:35:02","slug":"trabalho-de-conclusao-de-curso-tcc","status":"publish","type":"page","link":"https:\/\/engmec.ibiruba.ifrs.edu.br\/index.php\/trabalho-de-conclusao-de-curso-tcc\/","title":{"rendered":"Trabalho de Conclus\u00e3o de Curso (TCC)"},"content":{"rendered":"\n<p>       O TCC dever\u00e1 ser realizado abordando tecnicamente uma das seguintes \u00e1reas de estudo do curso:<\/p>\n\n\n\n<ul class=\"wp-block-list\"><li>Fen\u00f4meno dos transportes e energia; <\/li><li>Mec\u00e2nica dos s\u00f3lidos; <\/li><li>Projeto, fabrica\u00e7\u00e3o e automa\u00e7\u00e3o industrial; <\/li><li>Gest\u00e3o e monitoramento de processos industriais.   <\/li><\/ul>\n\n\n\n<h2 class=\"wp-block-heading\">Quem pode se matricular?<\/h2>\n\n\n\n<p>Estudantes com no m\u00ednimo 2970 horas de disciplinas obrigat\u00f3rias cursadas.<\/p>\n\n\n\n<h2 class=\"wp-block-heading\">Como fazer a matr\u00edcula?<\/h2>\n\n\n\n<p>Preencher e entregar para a coordena\u00e7\u00e3o do curso, o Anexo I do <a href=\"https:\/\/ifrs.edu.br\/ibiruba\/wp-content\/uploads\/sites\/4\/2017\/12\/Regulamento-TCC.pdf\">regulamento do Trabalho de Conclus\u00e3o do Curso<\/a> e a proposta do Trabalho de Conclus\u00e3o do Curso (TCC), conforme modelo abaixo.<\/p>\n\n\n\n<p><a href=\"http:\/\/engmec.ibiruba.ifrs.edu.br\/wp-content\/uploads\/2019\/08\/Modelo-de-proposta-de-TCC_engmec_Ibirub\u00e1.docx\">Modelo para proposta de Trabalho de Conclus\u00e3o do Curso (TCC)<\/a><\/p>\n\n\n\n<p>Obs: A matr\u00edcula na disciplina de TCC deve ser solicitada no in\u00edcio de cada semestre.<\/p>\n\n\n\n<h2 class=\"wp-block-heading\">Monografia<\/h2>\n\n\n\n<p>O estudante deve elaborar o Trabalho de Conclus\u00e3o de Curso sob a orienta\u00e7\u00e3o do professor orientador, para a monografia pode utilizar o <a href=\"http:\/\/engmec.ibiruba.ifrs.edu.br\/wp-content\/uploads\/2025\/04\/Modelo-de-formata\u00e7\u00e3o-e-elementos-do-TCC.docx\">Modelo para o Trabalho de Conclus\u00e3o do Curso (TCC)<\/a>.<\/p>\n\n\n\n<p>O trabalho de conclus\u00e3o do curso deve ser elaborado no formato de monografia, conforme o <a href=\"https:\/\/repositorio.ifrs.edu.br\/xmlui\/bitstream\/handle\/123456789\/209\/123456789209.pdf?sequence=1&amp;isAllowed=y\">manual de formata\u00e7\u00e3o de trabalhos acad\u00eamicos<\/a><\/p>\n\n\n\n<p><a href=\"http:\/\/engmec.ibiruba.ifrs.edu.br\/wp-content\/uploads\/2020\/02\/Termo-de-autoriza\u00e7\u00e3o-para-entrega-do-TCC.dotx\">Clique aqui para baixar o termo de autoriza\u00e7\u00e3o para entrega de TCC<\/a><\/p>\n","protected":false},"excerpt":{"rendered":"<p>O TCC dever\u00e1 ser realizado abordando tecnicamente uma das seguintes \u00e1reas de estudo do curso: Fen\u00f4meno dos transportes e energia; Mec\u00e2nica dos s\u00f3lidos; Projeto, fabrica\u00e7\u00e3o e automa\u00e7\u00e3o industrial; Gest\u00e3o e monitoramento de processos industriais. Quem pode se matricular? Estudantes com no m\u00ednimo 2970 horas de disciplinas obrigat\u00f3rias cursadas. Como fazer a matr\u00edcula? Preencher e entregar [&hellip;]<\/p>\n","protected":false},"author":4,"featured_media":0,"parent":0,"menu_order":0,"comment_status":"closed","ping_status":"closed","template":"","meta":{"footnotes":""},"class_list":["post-1171","page","type-page","status-publish","hentry"],"_links":{"self":[{"href":"https:\/\/engmec.ibiruba.ifrs.edu.br\/index.php\/wp-json\/wp\/v2\/pages\/1171","targetHints":{"allow":["GET"]}}],"collection":[{"href":"https:\/\/engmec.ibiruba.ifrs.edu.br\/index.php\/wp-json\/wp\/v2\/pages"}],"about":[{"href":"https:\/\/engmec.ibiruba.ifrs.edu.br\/index.php\/wp-json\/wp\/v2\/types\/page"}],"author":[{"embeddable":true,"href":"https:\/\/engmec.ibiruba.ifrs.edu.br\/index.php\/wp-json\/wp\/v2\/users\/4"}],"replies":[{"embeddable":true,"href":"https:\/\/engmec.ibiruba.ifrs.edu.br\/index.php\/wp-json\/wp\/v2\/comments?post=1171"}],"version-history":[{"count":18,"href":"https:\/\/engmec.ibiruba.ifrs.edu.br\/index.php\/wp-json\/wp\/v2\/pages\/1171\/revisions"}],"predecessor-version":[{"id":2042,"href":"https:\/\/engmec.ibiruba.ifrs.edu.br\/index.php\/wp-json\/wp\/v2\/pages\/1171\/revisions\/2042"}],"wp:attachment":[{"href":"https:\/\/engmec.ibiruba.ifrs.edu.br\/index.php\/wp-json\/wp\/v2\/media?parent=1171"}],"curies":[{"name":"wp","href":"https:\/\/api.w.org\/{rel}","templated":true}]}}